{"id":1087,"date":"2017-01-21T13:35:39","date_gmt":"2017-01-21T12:35:39","guid":{"rendered":"https:\/\/www.motorschirm-flugcenter.de\/?page_id=1087"},"modified":"2023-11-14T16:30:12","modified_gmt":"2023-11-14T15:30:12","slug":"x-one","status":"publish","type":"page","link":"https:\/\/www.motorschirm-flugcenter.de\/?page_id=1087","title":{"rendered":"Rundflug &#8211; Seiten&#8230;"},"content":{"rendered":"<p>Auf unseren unterteilten Rundflugseiten finden Sie Informationen zu unseren Rundflug-Angeboten mit Sportflugzeug&nbsp;oder Motorschirm-Trike.<\/p>\n<p><span style=\"color: #ff0000;\"><em><strong>Terminvereibarung NUR telefonisch unter 0163-479-5330<\/strong><\/em><\/span><\/p>\n\n\n<figure class=\"wp-block-image\"><img loading=\"lazy\" decoding=\"async\" width=\"590\" height=\"421\" src=\"https:\/\/www.motorschirm-flugcenter.de\/wp-content\/uploads\/2021\/11\/Gr\u00f6\u00dfen\u00e4nderung-Chris_Preise.jpg\" alt=\"\" class=\"wp-image-4594\" srcset=\"https:\/\/www.motorschirm-flugcenter.de\/wp-content\/uploads\/2021\/11\/Gr\u00f6\u00dfen\u00e4nderung-Chris_Preise.jpg 590w, https:\/\/www.motorschirm-flugcenter.de\/wp-content\/uploads\/2021\/11\/Gr\u00f6\u00dfen\u00e4nderung-Chris_Preise-300x214.jpg 300w\" sizes=\"auto, (max-width: 590px) 100vw, 590px\" \/><figcaption class=\"wp-element-caption\"> <a href=\"https:\/\/www.motorschirm-flugcenter.de\/?page_id=2849\">Rundflug im Sportflugzeug<\/a> hier klicken Sportflugzeug<\/figcaption><\/figure>\n\n\n\n<figure class=\"wp-block-image\"><img loading=\"lazy\" decoding=\"async\" width=\"1024\" height=\"768\" src=\"https:\/\/www.motorschirm-flugcenter.de\/wp-content\/uploads\/2016\/08\/Gr\u00f6\u00dfen\u00e4nderung-P1050197-1-1024x768.jpg\" alt=\"\" class=\"wp-image-324\" srcset=\"https:\/\/www.motorschirm-flugcenter.de\/wp-content\/uploads\/2016\/08\/Gr\u00f6\u00dfen\u00e4nderung-P1050197-1-1024x768.jpg 1024w, https:\/\/www.motorschirm-flugcenter.de\/wp-content\/uploads\/2016\/08\/Gr\u00f6\u00dfen\u00e4nderung-P1050197-1-300x225.jpg 300w, https:\/\/www.motorschirm-flugcenter.de\/wp-content\/uploads\/2016\/08\/Gr\u00f6\u00dfen\u00e4nderung-P1050197-1-768x576.jpg 768w, https:\/\/www.motorschirm-flugcenter.de\/wp-content\/uploads\/2016\/08\/Gr\u00f6\u00dfen\u00e4nderung-P1050197-1.jpg 1280w\" sizes=\"auto, (max-width: 1024px) 100vw, 1024px\" \/><figcaption class=\"wp-element-caption\"><a href=\"https:\/\/www.motorschirm-flugcenter.de\/?page_id=8\">Rundflug Motorschirm-Trike<\/a>  hier klicken<\/figcaption><\/figure>\n\n\n\n<p><\/p>\n","protected":false},"excerpt":{"rendered":"<p>Auf unseren unterteilten Rundflugseiten finden Sie Informationen zu unseren Rundflug-Angeboten mit Sportflugzeug&nbsp;oder Motorschirm-Trike. Terminvereibarung NUR telefonisch unter 0163-479-5330<\/p>\n","protected":false},"author":2,"featured_media":4598,"parent":12,"menu_order":0,"comment_status":"closed","ping_status":"closed","template":"","meta":{"ngg_post_thumbnail":0,"footnotes":""},"class_list":["post-1087","page","type-page","status-publish","has-post-thumbnail","hentry"],"_links":{"self":[{"href":"https:\/\/www.motorschirm-flugcenter.de\/index.php?rest_route=\/wp\/v2\/pages\/1087","targetHints":{"allow":["GET"]}}],"collection":[{"href":"https:\/\/www.motorschirm-flugcenter.de\/index.php?rest_route=\/wp\/v2\/pages"}],"about":[{"href":"https:\/\/www.motorschirm-flugcenter.de\/index.php?rest_route=\/wp\/v2\/types\/page"}],"author":[{"embeddable":true,"href":"https:\/\/www.motorschirm-flugcenter.de\/index.php?rest_route=\/wp\/v2\/users\/2"}],"replies":[{"embeddable":true,"href":"https:\/\/www.motorschirm-flugcenter.de\/index.php?rest_route=%2Fwp%2Fv2%2Fcomments&post=1087"}],"version-history":[{"count":21,"href":"https:\/\/www.motorschirm-flugcenter.de\/index.php?rest_route=\/wp\/v2\/pages\/1087\/revisions"}],"predecessor-version":[{"id":4978,"href":"https:\/\/www.motorschirm-flugcenter.de\/index.php?rest_route=\/wp\/v2\/pages\/1087\/revisions\/4978"}],"up":[{"embeddable":true,"href":"https:\/\/www.motorschirm-flugcenter.de\/index.php?rest_route=\/wp\/v2\/pages\/12"}],"wp:featuredmedia":[{"embeddable":true,"href":"https:\/\/www.motorschirm-flugcenter.de\/index.php?rest_route=\/wp\/v2\/media\/4598"}],"wp:attachment":[{"href":"https:\/\/www.motorschirm-flugcenter.de\/index.php?rest_route=%2Fwp%2Fv2%2Fmedia&parent=1087"}],"curies":[{"name":"wp","href":"https:\/\/api.w.org\/{rel}","templated":true}]}}