{"id":14,"date":"2016-08-19T17:32:50","date_gmt":"2016-08-19T15:32:50","guid":{"rendered":"https:\/\/www.motorschirm-flugcenter.de\/?page_id=14"},"modified":"2019-01-30T13:28:46","modified_gmt":"2019-01-30T12:28:46","slug":"schirme","status":"publish","type":"page","link":"https:\/\/www.motorschirm-flugcenter.de\/?page_id=14","title":{"rendered":"Schirme"},"content":{"rendered":"<p style=\"text-align: center;\">&nbsp;<\/p>\n<p style=\"text-align: center;\"><strong>ins Bild klicken (unten) zur Beschreibung f\u00fcr den Swing-Tusker!<\/strong><\/p>\n<p>&nbsp;<\/p>\n<figure id=\"attachment_366\" aria-describedby=\"caption-attachment-366\" style=\"width: 300px\" class=\"wp-caption aligncenter\"><a href=\"https:\/\/www.motorschirm-flugcenter.de\/?page_id=385\"><img loading=\"lazy\" decoding=\"async\" width=\"300\" height=\"225\" class=\"wp-image-366 size-medium\" src=\"https:\/\/www.motorschirm-flugcenter.de\/wp-content\/uploads\/2016\/08\/Gr\u00f6\u00dfen\u00e4nderung-P1050213-1-300x225.jpg\" srcset=\"https:\/\/www.motorschirm-flugcenter.de\/wp-content\/uploads\/2016\/08\/Gr\u00f6\u00dfen\u00e4nderung-P1050213-1-300x225.jpg 300w, https:\/\/www.motorschirm-flugcenter.de\/wp-content\/uploads\/2016\/08\/Gr\u00f6\u00dfen\u00e4nderung-P1050213-1-768x576.jpg 768w, https:\/\/www.motorschirm-flugcenter.de\/wp-content\/uploads\/2016\/08\/Gr\u00f6\u00dfen\u00e4nderung-P1050213-1-1024x768.jpg 1024w, https:\/\/www.motorschirm-flugcenter.de\/wp-content\/uploads\/2016\/08\/Gr\u00f6\u00dfen\u00e4nderung-P1050213-1.jpg 1280w\" sizes=\"auto, (max-width: 300px) 100vw, 300px\" \/><\/a><figcaption id=\"caption-attachment-366\" class=\"wp-caption-text\"><strong>&nbsp;&#8230;&#8230;&#8230;&#8230;&#8230;&#8230;&#8230;&#8230;&#8230;&#8230;&#8230;&#8230;&#8230;&#8230;&#8230;&#8230;&#8230;&#8230;&#8230;&#8230;&#8230;&#8230;.<\/strong><\/figcaption><\/figure>\n<figure id=\"attachment_382\" aria-describedby=\"caption-attachment-382\" style=\"width: 266px\" class=\"wp-caption aligncenter\"><a href=\"https:\/\/www.motorschirm-flugcenter.de\/?page_id=272\"><img loading=\"lazy\" decoding=\"async\" width=\"266\" height=\"300\" class=\"wp-image-382 size-medium\" src=\"https:\/\/www.motorschirm-flugcenter.de\/wp-content\/uploads\/2017\/01\/t-fighter31_grey-black-red-266x300.jpg\" srcset=\"https:\/\/www.motorschirm-flugcenter.de\/wp-content\/uploads\/2017\/01\/t-fighter31_grey-black-red-266x300.jpg 266w, https:\/\/www.motorschirm-flugcenter.de\/wp-content\/uploads\/2017\/01\/t-fighter31_grey-black-red.jpg 445w\" sizes=\"auto, (max-width: 266px) 100vw, 266px\" \/><\/a><figcaption id=\"caption-attachment-382\" class=\"wp-caption-text\">ins Bild klicken, hier geht&#8217;s zum Motorschirm T-Fighter f\u00fcr Einsitzige und Doppelsitzige Triks<\/figcaption><\/figure>\n<p>&#8230;&#8230;&#8230;&#8230;&#8230;&#8230;&#8230;&#8230;&#8230;&#8230;&#8230;&#8230;&#8230;&#8230;&#8230;&#8230;&#8230;&#8230;&#8230;&#8230;&#8230;&#8230;&#8230;&#8230;&#8230;&#8230;&#8230;&#8230;&#8230;&#8230;&#8230;&#8230;&#8230;&#8230;&#8230;&#8230;&#8230;&#8230;&#8230;&#8230;&#8230;&#8230;&#8230;&#8230;&#8230;&#8230;&#8230;&#8230;&#8230;..<\/p>\n<p>&nbsp;<\/p>\n<p>&nbsp;<\/p>\n<p><a href=\"https:\/\/www.motorschirm-flugcenter.de\/?page_id=2404\" target=\"_blank\" rel=\"noopener\"><img loading=\"lazy\" decoding=\"async\" width=\"342\" height=\"211\" class=\"wp-image-2714 alignleft\" alt=\"\" src=\"https:\/\/www.motorschirm-flugcenter.de\/wp-content\/uploads\/2016\/08\/Relax1.1-300x185.jpg\" srcset=\"https:\/\/www.motorschirm-flugcenter.de\/wp-content\/uploads\/2016\/08\/Relax1.1-300x185.jpg 300w, https:\/\/www.motorschirm-flugcenter.de\/wp-content\/uploads\/2016\/08\/Relax1.1.jpg 500w\" sizes=\"auto, (max-width: 342px) 100vw, 342px\" \/><\/a>ins Bild klicken, hier geht&#8217;s zum Motorschirm&nbsp;RELAX<\/p>\n<p>&nbsp;<\/p>\n<p>&nbsp;<\/p>\n<p>&nbsp;<\/p>\n<p>&nbsp;<\/p>\n<p>&#8230;&#8230;&#8230;&#8230;&#8230;&#8230;&#8230;&#8230;&#8230;&#8230;&#8230;&#8230;&#8230;&#8230;&#8230;&#8230;&#8230;&#8230;&#8230;&#8230;&#8230;&#8230;&#8230;&#8230;&#8230;&#8230;&#8230;&#8230;&#8230;&#8230;&#8230;&#8230;&#8230;&#8230;&#8230;&#8230;&#8230;&#8230;&#8230;&#8230;&#8230;&#8230;&#8230;&#8230;&#8230;&#8230;&#8230;&#8230;&#8230;..<\/p>\n<p>&nbsp;<\/p>\n<h4><a href=\"https:\/\/www.motorschirm-flugcenter.de\/?page_id=2351\" target=\"_blank\" rel=\"noopener\"><img loading=\"lazy\" decoding=\"async\" width=\"200\" height=\"300\" class=\"alignnone size-medium wp-image-2715\" alt=\"\" src=\"https:\/\/www.motorschirm-flugcenter.de\/wp-content\/uploads\/2016\/08\/STING_2_-_freeflying_1-1-200x300.jpg\" srcset=\"https:\/\/www.motorschirm-flugcenter.de\/wp-content\/uploads\/2016\/08\/STING_2_-_freeflying_1-1-200x300.jpg 200w, https:\/\/www.motorschirm-flugcenter.de\/wp-content\/uploads\/2016\/08\/STING_2_-_freeflying_1-1.jpg 683w\" sizes=\"auto, (max-width: 200px) 100vw, 200px\" \/><\/a>Kombischirm Sting 2<\/h4>\n<p>&#8230;&#8230;&#8230;&#8230;&#8230;&#8230;&#8230;&#8230;&#8230;&#8230;&#8230;&#8230;&#8230;&#8230;&#8230;&#8230;&#8230;&#8230;&#8230;&#8230;&#8230;&#8230;&#8230;&#8230;&#8230;&#8230;&#8230;&#8230;&#8230;&#8230;&#8230;&#8230;&#8230;&#8230;&#8230;&#8230;&#8230;&#8230;&#8230;&#8230;&#8230;&#8230;&#8230;&#8230;&#8230;&#8230;&#8230;&#8230;&#8230;..<\/p>\n<p><span style=\"display: inline !important; float: none; background-color: transparent; color: #bababa; font-family: 'handel-gothic',sans-serif; font-size: 28.8px; font-style: normal; font-variant: normal; font-weight: bold; letter-spacing: normal; orphans: 2; text-align: left; text-decoration: none; text-indent: 0px; text-transform: none; -webkit-text-stroke-width: 0px; white-space: normal; word-spacing: 0px;\">Tensing &#8211; robuster Single Skin LTF\/EN B<\/span><\/p>\n<p><a href=\"https:\/\/www.motorschirm-flugcenter.de\/?page_id=3820\"><img loading=\"lazy\" decoding=\"async\" width=\"254\" height=\"300\" class=\"alignnone size-medium wp-image-3818\" alt=\"\" src=\"https:\/\/www.motorschirm-flugcenter.de\/wp-content\/uploads\/2019\/01\/Tensing_red1-254x300.jpg\" srcset=\"https:\/\/www.motorschirm-flugcenter.de\/wp-content\/uploads\/2019\/01\/Tensing_red1-254x300.jpg 254w, https:\/\/www.motorschirm-flugcenter.de\/wp-content\/uploads\/2019\/01\/Tensing_red1.jpg 424w\" sizes=\"auto, (max-width: 254px) 100vw, 254px\" \/><\/a><\/p>\n<p><a href=\"https:\/\/www.motorschirm-flugcenter.de\/wp-admin\/post.php?post=3820&amp;action=edit\" target=\"_blank\" rel=\"noopener\">Tensing 23 Leichtschirm<\/a><\/p>\n","protected":false},"excerpt":{"rendered":"<p>&nbsp; ins Bild klicken (unten) zur Beschreibung f\u00fcr den Swing-Tusker! &nbsp; &#8230;&#8230;&#8230;&#8230;&#8230;&#8230;&#8230;&#8230;&#8230;&#8230;&#8230;&#8230;&#8230;&#8230;&#8230;&#8230;&#8230;&#8230;&#8230;&#8230;&#8230;&#8230;&#8230;&#8230;&#8230;&#8230;&#8230;&#8230;&#8230;&#8230;&#8230;&#8230;&#8230;&#8230;&#8230;&#8230;&#8230;&#8230;&#8230;&#8230;&#8230;&#8230;&#8230;&#8230;&#8230;&#8230;&#8230;&#8230;&#8230;.. &nbsp; &nbsp; ins Bild klicken, hier geht&#8217;s zum Motorschirm&nbsp;RELAX &nbsp; &nbsp; &nbsp; &nbsp; &#8230;&#8230;&#8230;&#8230;&#8230;&#8230;&#8230;&#8230;&#8230;&#8230;&#8230;&#8230;&#8230;&#8230;&#8230;&#8230;&#8230;&#8230;&#8230;&#8230;&#8230;&#8230;&#8230;&#8230;&#8230;&#8230;&#8230;&#8230;&#8230;&#8230;&#8230;&#8230;&#8230;&#8230;&#8230;&#8230;&#8230;&#8230;&#8230;&#8230;&#8230;&#8230;&#8230;&#8230;&#8230;&#8230;&#8230;&#8230;&#8230;.. &nbsp; Kombischirm Sting 2 <span class=\"readmore\"><a href=\"https:\/\/www.motorschirm-flugcenter.de\/?page_id=14\">Read More &#8230;<\/a><\/span><\/p>\n","protected":false},"author":1,"featured_media":2707,"parent":0,"menu_order":0,"comment_status":"closed","ping_status":"closed","template":"","meta":{"ngg_post_thumbnail":0,"footnotes":""},"class_list":["post-14","page","type-page","status-publish","has-post-thumbnail","hentry"],"_links":{"self":[{"href":"https:\/\/www.motorschirm-flugcenter.de\/index.php?rest_route=\/wp\/v2\/pages\/14","targetHints":{"allow":["GET"]}}],"collection":[{"href":"https:\/\/www.motorschirm-flugcenter.de\/index.php?rest_route=\/wp\/v2\/pages"}],"about":[{"href":"https:\/\/www.motorschirm-flugcenter.de\/index.php?rest_route=\/wp\/v2\/types\/page"}],"author":[{"embeddable":true,"href":"https:\/\/www.motorschirm-flugcenter.de\/index.php?rest_route=\/wp\/v2\/users\/1"}],"replies":[{"embeddable":true,"href":"https:\/\/www.motorschirm-flugcenter.de\/index.php?rest_route=%2Fwp%2Fv2%2Fcomments&post=14"}],"version-history":[{"count":14,"href":"https:\/\/www.motorschirm-flugcenter.de\/index.php?rest_route=\/wp\/v2\/pages\/14\/revisions"}],"predecessor-version":[{"id":3828,"href":"https:\/\/www.motorschirm-flugcenter.de\/index.php?rest_route=\/wp\/v2\/pages\/14\/revisions\/3828"}],"wp:featuredmedia":[{"embeddable":true,"href":"https:\/\/www.motorschirm-flugcenter.de\/index.php?rest_route=\/wp\/v2\/media\/2707"}],"wp:attachment":[{"href":"https:\/\/www.motorschirm-flugcenter.de\/index.php?rest_route=%2Fwp%2Fv2%2Fmedia&parent=14"}],"curies":[{"name":"wp","href":"https:\/\/api.w.org\/{rel}","templated":true}]}}