{"id":20,"date":"2016-08-19T17:33:42","date_gmt":"2016-08-19T15:33:42","guid":{"rendered":"https:\/\/www.motorschirm-flugcenter.de\/?page_id=20"},"modified":"2017-01-22T12:06:25","modified_gmt":"2017-01-22T11:06:25","slug":"helme","status":"publish","type":"page","link":"https:\/\/www.motorschirm-flugcenter.de\/?page_id=20","title":{"rendered":"Helme"},"content":{"rendered":"<p><img loading=\"lazy\" decoding=\"async\" width=\"202\" height=\"210\" class=\"alignnone  wp-image-2343\" alt=\"\" src=\"https:\/\/www.motorschirm-flugcenter.de\/wp-content\/uploads\/2016\/08\/Helm1.jpg\">wir f\u00fchren das komplette Programm von L\u00f6scher Elektronic.<\/p>\n<p>Bei Bedarf stellen wir Dir gerne Deinen Helm mit dem gew\u00fcnschten Haedset zusammen und machen Dir den Bestm\u00f6glichen Preis!<\/p>\n<p>Hier geht&#8217;s zu <a href=\"http:\/\/www.loescher.com\/FLUGSPORT\/\" target=\"_blank\">L\u00f6scher-Electronic<\/a><\/p>\n","protected":false},"excerpt":{"rendered":"<p>wir f\u00fchren das komplette Programm von L\u00f6scher Elektronic. Bei Bedarf stellen wir Dir gerne Deinen Helm mit dem gew\u00fcnschten Haedset zusammen und machen Dir den Bestm\u00f6glichen Preis! Hier geht&#8217;s zu <span class=\"readmore\"><a href=\"https:\/\/www.motorschirm-flugcenter.de\/?page_id=20\">Read More &#8230;<\/a><\/span><\/p>\n","protected":false},"author":1,"featured_media":0,"parent":18,"menu_order":0,"comment_status":"closed","ping_status":"closed","template":"","meta":{"ngg_post_thumbnail":0,"footnotes":""},"class_list":["post-20","page","type-page","status-publish","hentry"],"_links":{"self":[{"href":"https:\/\/www.motorschirm-flugcenter.de\/index.php?rest_route=\/wp\/v2\/pages\/20","targetHints":{"allow":["GET"]}}],"collection":[{"href":"https:\/\/www.motorschirm-flugcenter.de\/index.php?rest_route=\/wp\/v2\/pages"}],"about":[{"href":"https:\/\/www.motorschirm-flugcenter.de\/index.php?rest_route=\/wp\/v2\/types\/page"}],"author":[{"embeddable":true,"href":"https:\/\/www.motorschirm-flugcenter.de\/index.php?rest_route=\/wp\/v2\/users\/1"}],"replies":[{"embeddable":true,"href":"https:\/\/www.motorschirm-flugcenter.de\/index.php?rest_route=%2Fwp%2Fv2%2Fcomments&post=20"}],"version-history":[{"count":3,"href":"https:\/\/www.motorschirm-flugcenter.de\/index.php?rest_route=\/wp\/v2\/pages\/20\/revisions"}],"predecessor-version":[{"id":2345,"href":"https:\/\/www.motorschirm-flugcenter.de\/index.php?rest_route=\/wp\/v2\/pages\/20\/revisions\/2345"}],"up":[{"embeddable":true,"href":"https:\/\/www.motorschirm-flugcenter.de\/index.php?rest_route=\/wp\/v2\/pages\/18"}],"wp:attachment":[{"href":"https:\/\/www.motorschirm-flugcenter.de\/index.php?rest_route=%2Fwp%2Fv2%2Fmedia&parent=20"}],"curies":[{"name":"wp","href":"https:\/\/api.w.org\/{rel}","templated":true}]}}