{"id":24,"date":"2016-08-19T17:34:24","date_gmt":"2016-08-19T15:34:24","guid":{"rendered":"https:\/\/www.motorschirm-flugcenter.de\/?page_id=24"},"modified":"2017-01-30T18:45:43","modified_gmt":"2017-01-30T17:45:43","slug":"rettungsgraete","status":"publish","type":"page","link":"https:\/\/www.motorschirm-flugcenter.de\/?page_id=24","title":{"rendered":"Rettungsger\u00e4te"},"content":{"rendered":"<p><img loading=\"lazy\" decoding=\"async\" width=\"300\" height=\"178\" class=\"size-medium wp-image-2425 alignleft\" alt=\"\" src=\"https:\/\/www.motorschirm-flugcenter.de\/wp-content\/uploads\/2017\/01\/ultra-cross-300x178.jpg\" srcset=\"https:\/\/www.motorschirm-flugcenter.de\/wp-content\/uploads\/2017\/01\/ultra-cross-300x178.jpg 300w, https:\/\/www.motorschirm-flugcenter.de\/wp-content\/uploads\/2017\/01\/ultra-cross.jpg 500w\" sizes=\"auto, (max-width: 300px) 100vw, 300px\" \/>wir f\u00fchren Rettungsger\u00e4te von Independence<\/p>\n<p><a href=\"http:\/\/www.independence.aero\/de\/produkte\/rettungsfallschirme.html\" target=\"_blank\">Rettungsger\u00e4te<\/a><\/p>\n<p>suche aus was f\u00fcr Dich das passende ist und wir erstellen Dir ein Gesamt-Angebot.<\/p>\n<p>Frage nach Ausstellungsst\u00fccken und Sonderangeboten!<\/p>\n","protected":false},"excerpt":{"rendered":"<p>wir f\u00fchren Rettungsger\u00e4te von Independence Rettungsger\u00e4te suche aus was f\u00fcr Dich das passende ist und wir erstellen Dir ein Gesamt-Angebot. Frage nach Ausstellungsst\u00fccken und Sonderangeboten!<\/p>\n","protected":false},"author":1,"featured_media":0,"parent":18,"menu_order":0,"comment_status":"closed","ping_status":"closed","template":"","meta":{"ngg_post_thumbnail":0,"footnotes":""},"class_list":["post-24","page","type-page","status-publish","hentry"],"_links":{"self":[{"href":"https:\/\/www.motorschirm-flugcenter.de\/index.php?rest_route=\/wp\/v2\/pages\/24","targetHints":{"allow":["GET"]}}],"collection":[{"href":"https:\/\/www.motorschirm-flugcenter.de\/index.php?rest_route=\/wp\/v2\/pages"}],"about":[{"href":"https:\/\/www.motorschirm-flugcenter.de\/index.php?rest_route=\/wp\/v2\/types\/page"}],"author":[{"embeddable":true,"href":"https:\/\/www.motorschirm-flugcenter.de\/index.php?rest_route=\/wp\/v2\/users\/1"}],"replies":[{"embeddable":true,"href":"https:\/\/www.motorschirm-flugcenter.de\/index.php?rest_route=%2Fwp%2Fv2%2Fcomments&post=24"}],"version-history":[{"count":5,"href":"https:\/\/www.motorschirm-flugcenter.de\/index.php?rest_route=\/wp\/v2\/pages\/24\/revisions"}],"predecessor-version":[{"id":2848,"href":"https:\/\/www.motorschirm-flugcenter.de\/index.php?rest_route=\/wp\/v2\/pages\/24\/revisions\/2848"}],"up":[{"embeddable":true,"href":"https:\/\/www.motorschirm-flugcenter.de\/index.php?rest_route=\/wp\/v2\/pages\/18"}],"wp:attachment":[{"href":"https:\/\/www.motorschirm-flugcenter.de\/index.php?rest_route=%2Fwp%2Fv2%2Fmedia&parent=24"}],"curies":[{"name":"wp","href":"https:\/\/api.w.org\/{rel}","templated":true}]}}