{"id":2454,"date":"2017-01-22T14:27:38","date_gmt":"2017-01-22T13:27:38","guid":{"rendered":"https:\/\/www.motorschirm-flugcenter.de\/?page_id=2454"},"modified":"2017-01-25T21:01:33","modified_gmt":"2017-01-25T20:01:33","slug":"haftungsausschluss","status":"publish","type":"page","link":"https:\/\/www.motorschirm-flugcenter.de\/?page_id=2454","title":{"rendered":"Haftungsausschluss"},"content":{"rendered":"<h2><span style=\"color: #0000ff;\">J<b>eder Pilot ist f\u00fcr sich, seine Ausr\u00fcstung und den dazugeh\u00f6rigen Fluglizensen und Versicherungen selbsthaftend verantwortlich.<\/b><\/span><\/h2>\n<h2><span style=\"color: #0000ff;\">Die Motoren, Trike&#8217;s und Gleitschirme sollten einen g\u00fcltigen Check haben.<\/span><\/h2>\n<h2><span style=\"color: #0000ff;\">Des weiteren sollte kein Pilot \u00fcber seine Verh\u00e4ltnisse und sein Flugk\u00f6nnen hinaus fliegen.<\/span><\/h2>\n<h2><span style=\"color: #0000ff;\">Einweisung auf das Fluggebiet, Ladeplatz, Startplatzeinweisung, Starthilfen, Funkbetreuung, Tips und Hilfe ist jedoch selbstverst\u00e4ndlich. <\/span><\/h2>\n","protected":false},"excerpt":{"rendered":"<p>Jeder Pilot ist f\u00fcr sich, seine Ausr\u00fcstung und den dazugeh\u00f6rigen Fluglizensen und Versicherungen selbsthaftend verantwortlich. Die Motoren, Trike&#8217;s und Gleitschirme sollten einen g\u00fcltigen Check haben. Des weiteren sollte kein Pilot <span class=\"readmore\"><a href=\"https:\/\/www.motorschirm-flugcenter.de\/?page_id=2454\">Read More &#8230;<\/a><\/span><\/p>\n","protected":false},"author":2,"featured_media":0,"parent":0,"menu_order":0,"comment_status":"closed","ping_status":"closed","template":"","meta":{"ngg_post_thumbnail":0,"footnotes":""},"class_list":["post-2454","page","type-page","status-publish","hentry"],"_links":{"self":[{"href":"https:\/\/www.motorschirm-flugcenter.de\/index.php?rest_route=\/wp\/v2\/pages\/2454","targetHints":{"allow":["GET"]}}],"collection":[{"href":"https:\/\/www.motorschirm-flugcenter.de\/index.php?rest_route=\/wp\/v2\/pages"}],"about":[{"href":"https:\/\/www.motorschirm-flugcenter.de\/index.php?rest_route=\/wp\/v2\/types\/page"}],"author":[{"embeddable":true,"href":"https:\/\/www.motorschirm-flugcenter.de\/index.php?rest_route=\/wp\/v2\/users\/2"}],"replies":[{"embeddable":true,"href":"https:\/\/www.motorschirm-flugcenter.de\/index.php?rest_route=%2Fwp%2Fv2%2Fcomments&post=2454"}],"version-history":[{"count":1,"href":"https:\/\/www.motorschirm-flugcenter.de\/index.php?rest_route=\/wp\/v2\/pages\/2454\/revisions"}],"predecessor-version":[{"id":2455,"href":"https:\/\/www.motorschirm-flugcenter.de\/index.php?rest_route=\/wp\/v2\/pages\/2454\/revisions\/2455"}],"wp:attachment":[{"href":"https:\/\/www.motorschirm-flugcenter.de\/index.php?rest_route=%2Fwp%2Fv2%2Fmedia&parent=2454"}],"curies":[{"name":"wp","href":"https:\/\/api.w.org\/{rel}","templated":true}]}}