{"id":272,"date":"2017-01-19T18:45:10","date_gmt":"2017-01-19T17:45:10","guid":{"rendered":"https:\/\/www.motorschirm-flugcenter.de\/?page_id=272"},"modified":"2023-06-09T11:54:11","modified_gmt":"2023-06-09T09:54:11","slug":"t-fighter","status":"publish","type":"page","link":"https:\/\/www.motorschirm-flugcenter.de\/?page_id=272","title":{"rendered":"SWING DOPPELSITZER MOTORSCHIRM"},"content":{"rendered":"\n<figure class=\"wp-block-image size-full\"><img loading=\"lazy\" decoding=\"async\" width=\"1006\" height=\"321\" src=\"https:\/\/www.motorschirm-flugcenter.de\/wp-content\/uploads\/2017\/02\/service.jpg\" alt=\"\" class=\"wp-image-3002\" srcset=\"https:\/\/www.motorschirm-flugcenter.de\/wp-content\/uploads\/2017\/02\/service.jpg 1006w, https:\/\/www.motorschirm-flugcenter.de\/wp-content\/uploads\/2017\/02\/service-300x96.jpg 300w, https:\/\/www.motorschirm-flugcenter.de\/wp-content\/uploads\/2017\/02\/service-768x245.jpg 768w\" sizes=\"auto, (max-width: 1006px) 100vw, 1006px\" \/><\/figure>\n\n\n<h4>&nbsp;SWING TUSKER 38 Doppelsitzer-Motorschirm gebraucht mit neuem Check.&nbsp;<\/h4>\n<p>Der Schirm stammt aus 2014 und wurde nur sehr wenig geflogen. Er raschelt noch wie am ersten Tag. Er wei\u00dft keine Besch\u00e4digungen oder Verschmutzungen auf, normale Gebrauchtsspuren.&nbsp;<\/p>\n<p>Der Schirm bekam erst neuen Check, Zustand: Gebraucht<\/p>\n<p>Da der Kunde nicht mehr fliegt wird er hier nun angeboten.<\/p>\n<p>F\u00fcr wen ist der TUSKER geeignet? <br>Der TUSKER wurde konzipiert f\u00fcr den ein-, oder doppelsitzigen Einsatz in Verbindung mit <br>sogenannten \u201eleichten Luftsportger\u00e4ten\u201c (LuftVZO \u00a7 1 Abs. 4) mit einer Leermasse von max. 120kg. <br>Durch sein ausgewogenes Flugverhalten eignet sich der TUSKER grunds\u00e4tzlich auch f\u00fcr Anf\u00e4nger, <br>bzw. den Schulbetrieb, sofern das Trike diese Anforderungen erf\u00fcllt.<\/p>\n<p><span style=\"font-size: revert; color: initial;\">Der TUSKER besticht durch sein sehr ausgewogenes Flugverhalten und vermittelt dem Piloten und dem Passagier ein sicheres Fluggef\u00fchl.<\/span><\/p>\n<div class=\"woocommerce-product-details__short-description\">\n<p>Motorschirm-Trike Hersteller werden oftmals durch die strengen Gewichtsvorgaben und die mit der Musterpr\u00fcfung verbundene L\u00e4rmmessung gezwungen auf weniger leistungsstarke Motoren zur\u00fcck zu greifen. Auch 4-Takt-Motoren finden an dieser Stelle Verwendung.<br>Mit dem TUSKER ist POWERPLAY auf die speziellen Bed\u00fcrfnisse dieses Kundenkreises eingegangen und bietet einen leistungsstarken Fl\u00fcgel mit fehlerverzeihendem Handling bei einer maximalen Abflugmasse von 316kg.<\/p>\n<p>Piloten, die einen zuverl\u00e4ssigen Motorschirm f\u00fcr doppelsitziges Fliegen suchen, um die Faszination des Fliegens mit anderen Menschen stressfrei zu teilen, finden mit diesem Schirm den passenden Fl\u00fcgel.<\/p>\n<\/div>\n\n\n<figure class=\"wp-block-image size-large\"><img loading=\"lazy\" decoding=\"async\" width=\"1024\" height=\"768\" src=\"https:\/\/www.motorschirm-flugcenter.de\/wp-content\/uploads\/2016\/08\/Gr\u00f6\u00dfen\u00e4nderung-P1050212-1024x768.jpg\" alt=\"\" class=\"wp-image-214\" srcset=\"https:\/\/www.motorschirm-flugcenter.de\/wp-content\/uploads\/2016\/08\/Gr\u00f6\u00dfen\u00e4nderung-P1050212-1024x768.jpg 1024w, https:\/\/www.motorschirm-flugcenter.de\/wp-content\/uploads\/2016\/08\/Gr\u00f6\u00dfen\u00e4nderung-P1050212-300x225.jpg 300w, https:\/\/www.motorschirm-flugcenter.de\/wp-content\/uploads\/2016\/08\/Gr\u00f6\u00dfen\u00e4nderung-P1050212-768x576.jpg 768w, https:\/\/www.motorschirm-flugcenter.de\/wp-content\/uploads\/2016\/08\/Gr\u00f6\u00dfen\u00e4nderung-P1050212.jpg 1280w\" sizes=\"auto, (max-width: 1024px) 100vw, 1024px\" \/><figcaption class=\"wp-element-caption\">Der Schirm ist sofort verf\u00fcgbar. Der Neupreis lag bei 4.200\u20ac<\/figcaption><\/figure>\n\n\n\n<p>Bei Fragen ruft uns einfach an unter 0163-479-5330 oder WhatsApp<\/p>\n\n\n\n<h2 class=\"has-text-align-center wp-block-heading\">Verkaufspreis mit aktuell neuem Check bis 04\/2025 f\u00fcr<\/h2>\n\n\n\n<h2 class=\"has-text-align-center wp-block-heading\">NUR 2.250,&#8211;\u20ac <\/h2>\n","protected":false},"excerpt":{"rendered":"<p>&nbsp;SWING TUSKER 38 Doppelsitzer-Motorschirm gebraucht mit neuem Check.&nbsp; Der Schirm stammt aus 2014 und wurde nur sehr wenig geflogen. Er raschelt noch wie am ersten Tag. Er wei\u00dft keine Besch\u00e4digungen <span class=\"readmore\"><a href=\"https:\/\/www.motorschirm-flugcenter.de\/?page_id=272\">Read More &#8230;<\/a><\/span><\/p>\n","protected":false},"author":2,"featured_media":0,"parent":14,"menu_order":0,"comment_status":"closed","ping_status":"closed","template":"","meta":{"ngg_post_thumbnail":0,"footnotes":""},"class_list":["post-272","page","type-page","status-publish","hentry"],"_links":{"self":[{"href":"https:\/\/www.motorschirm-flugcenter.de\/index.php?rest_route=\/wp\/v2\/pages\/272","targetHints":{"allow":["GET"]}}],"collection":[{"href":"https:\/\/www.motorschirm-flugcenter.de\/index.php?rest_route=\/wp\/v2\/pages"}],"about":[{"href":"https:\/\/www.motorschirm-flugcenter.de\/index.php?rest_route=\/wp\/v2\/types\/page"}],"author":[{"embeddable":true,"href":"https:\/\/www.motorschirm-flugcenter.de\/index.php?rest_route=\/wp\/v2\/users\/2"}],"replies":[{"embeddable":true,"href":"https:\/\/www.motorschirm-flugcenter.de\/index.php?rest_route=%2Fwp%2Fv2%2Fcomments&post=272"}],"version-history":[{"count":19,"href":"https:\/\/www.motorschirm-flugcenter.de\/index.php?rest_route=\/wp\/v2\/pages\/272\/revisions"}],"predecessor-version":[{"id":4968,"href":"https:\/\/www.motorschirm-flugcenter.de\/index.php?rest_route=\/wp\/v2\/pages\/272\/revisions\/4968"}],"up":[{"embeddable":true,"href":"https:\/\/www.motorschirm-flugcenter.de\/index.php?rest_route=\/wp\/v2\/pages\/14"}],"wp:attachment":[{"href":"https:\/\/www.motorschirm-flugcenter.de\/index.php?rest_route=%2Fwp%2Fv2%2Fmedia&parent=272"}],"curies":[{"name":"wp","href":"https:\/\/api.w.org\/{rel}","templated":true}]}}