{"id":2723,"date":"2017-01-26T20:19:56","date_gmt":"2017-01-26T19:19:56","guid":{"rendered":"https:\/\/www.motorschirm-flugcenter.de\/?page_id=2723"},"modified":"2023-06-20T10:17:42","modified_gmt":"2023-06-20T08:17:42","slug":"drachen-trike-2","status":"publish","type":"page","link":"https:\/\/www.motorschirm-flugcenter.de\/?page_id=2723","title":{"rendered":"JABFLY-Doppelsitzertrike 120 kg Medicalfrei mit Rotaxmotor 503"},"content":{"rendered":"<h1>&nbsp;<\/h1>\n<p><img loading=\"lazy\" decoding=\"async\" class=\"aligncenter wp-image-3796 size-full\" src=\"https:\/\/www.motorschirm-flugcenter.de\/wp-content\/uploads\/2019\/01\/Gr\u00f6\u00dfen\u00e4nderung-CIMG3544.jpg\" alt=\"\" width=\"1024\" height=\"768\" srcset=\"https:\/\/www.motorschirm-flugcenter.de\/wp-content\/uploads\/2019\/01\/Gr\u00f6\u00dfen\u00e4nderung-CIMG3544.jpg 1024w, https:\/\/www.motorschirm-flugcenter.de\/wp-content\/uploads\/2019\/01\/Gr\u00f6\u00dfen\u00e4nderung-CIMG3544-300x225.jpg 300w, https:\/\/www.motorschirm-flugcenter.de\/wp-content\/uploads\/2019\/01\/Gr\u00f6\u00dfen\u00e4nderung-CIMG3544-768x576.jpg 768w\" sizes=\"auto, (max-width: 1024px) 100vw, 1024px\" \/><\/p>\n<p>&nbsp;<\/p>\nngg_shortcode_0_placeholder\n<p>Das Jabfly ist ein sehr komfortables Doppelsitzertrike der 120 kg Klasse. Das hei\u00dft es ist Medicalfrei. Die Sitze sind mit Kunstleder bezogen und verf\u00fcgen \u00fcber 3-Punktgurte f\u00fcr Pilot und Copilot. Der Passagier sitzt hinter dem Piloten erh\u00f6ht und hat somit freie Sicht. Der Vorteil dieser Sitzanordnung ist, dass man egal wie schwer der Passagier ist nichts umbauen muss. Auch alleine kann es ohne umbauen geflogen werden.&nbsp;<\/p>\n<p>Es verf\u00fcgt \u00fcber einem \u00dcberrollb\u00fcgel und einer Aufziehhilfe f\u00fcr den Schirm, sodass man beim Start nur die Bremsen in der Hand hat. Auch ein Cockpit mit einem Vario ist verbaut.<\/p>\n<p>Durch das breite Fahrwerk von 200 cm und dem tiefen Schwerpunkt ist es sehr kippstabil und leicht zu starten und zu landen.<\/p>\n<p>Der Tank fast ca. 35 Liter und ist aus Alu geschwei\u00dft und unter dem Copilotensitz verbaut. Der Tank und der Vorderbau ist bei Trikehersteller FSB Team Gunar Bartel umgebaut worden und hat nun den Vorderbau vom Phazer 2, links Scheibenbremse f\u00fcr&#8217;s Vorderrad, rechts Fussgas. Der Chock wurde an der Seite verbaut.&nbsp;<\/p>\n<p>Der Motor ist ein original Rotax 503 mit einem Vergaser, er leistet einen enormen Schub von ca. 125 kp. Er hat ca. 80 Std auf der Uhr, sehr wenig, da das Trike st\u00e4ndig in Spanien stand und nur im Urlaub geflogen wurde, der Propeller ist ein Hellix 3 Blatt mit 160cm.<\/p>\n<p>Das Trike kann auch bei Bedarf eingeklappt werden f\u00fcr einen leichteren Transport.<\/p>\n<p>Gerne kann ein passender Gleitschirm und ein passendes Rettungsger\u00e4t dazu erworben werden.<\/p>\n<p>Gerne kann auch ein passender offener Transportanh\u00e4nger dazu gekauft werden.<\/p>\n<p>das Trike wird ohne auf den Bildern oder Film zusehenden Zubeh\u00f6r f\u00fcr einen Preis von VB 5900\u20ac angeboten.<\/p>\n<p>hier ein Video&nbsp;<a href=\"https:\/\/www.facebook.com\/680697968639467\/videos\/1548603588515563\/\">Doppelsitzerflug mit Jabfly<\/a><\/p>\n<p>ruf uns an, gerne unterbreiten wir dir ein gesamt Angebot<\/p>\n<p>z.B. Trike, Schirm, Rettungsger\u00e4t, Zubeh\u00f6r wie Helm, Funk, Flugnavigation und vieles mehr&#8230;<\/p>\n<p>Probesitzen, Probefahrt, Probeflug bei passenden Wetter nach Vereinbarung gerne!<\/p>\n<p>&nbsp;<\/p>\n<p>&nbsp;<\/p>\n<p>&nbsp;<\/p>\n<p>&nbsp;<\/p>\n<p>&nbsp;<\/p>\n","protected":false},"excerpt":{"rendered":"<p>&nbsp; &nbsp; &nbsp; Das Jabfly ist ein sehr komfortables Doppelsitzertrike der 120 kg Klasse. Das hei\u00dft es ist Medicalfrei. Die Sitze sind mit Kunstleder bezogen und verf\u00fcgen \u00fcber 3-Punktgurte f\u00fcr <span class=\"readmore\"><a href=\"https:\/\/www.motorschirm-flugcenter.de\/?page_id=2723\">Read More &#8230;<\/a><\/span><\/p>\n","protected":false},"author":2,"featured_media":2754,"parent":27,"menu_order":3,"comment_status":"closed","ping_status":"closed","template":"","meta":{"ngg_post_thumbnail":0,"footnotes":""},"class_list":["post-2723","page","type-page","status-publish","has-post-thumbnail","hentry"],"_links":{"self":[{"href":"https:\/\/www.motorschirm-flugcenter.de\/index.php?rest_route=\/wp\/v2\/pages\/2723","targetHints":{"allow":["GET"]}}],"collection":[{"href":"https:\/\/www.motorschirm-flugcenter.de\/index.php?rest_route=\/wp\/v2\/pages"}],"about":[{"href":"https:\/\/www.motorschirm-flugcenter.de\/index.php?rest_route=\/wp\/v2\/types\/page"}],"author":[{"embeddable":true,"href":"https:\/\/www.motorschirm-flugcenter.de\/index.php?rest_route=\/wp\/v2\/users\/2"}],"replies":[{"embeddable":true,"href":"https:\/\/www.motorschirm-flugcenter.de\/index.php?rest_route=%2Fwp%2Fv2%2Fcomments&post=2723"}],"version-history":[{"count":43,"href":"https:\/\/www.motorschirm-flugcenter.de\/index.php?rest_route=\/wp\/v2\/pages\/2723\/revisions"}],"predecessor-version":[{"id":4973,"href":"https:\/\/www.motorschirm-flugcenter.de\/index.php?rest_route=\/wp\/v2\/pages\/2723\/revisions\/4973"}],"up":[{"embeddable":true,"href":"https:\/\/www.motorschirm-flugcenter.de\/index.php?rest_route=\/wp\/v2\/pages\/27"}],"wp:featuredmedia":[{"embeddable":true,"href":"https:\/\/www.motorschirm-flugcenter.de\/index.php?rest_route=\/wp\/v2\/media\/2754"}],"wp:attachment":[{"href":"https:\/\/www.motorschirm-flugcenter.de\/index.php?rest_route=%2Fwp%2Fv2%2Fmedia&parent=2723"}],"curies":[{"name":"wp","href":"https:\/\/api.w.org\/{rel}","templated":true}]}}