{"id":2849,"date":"2017-01-30T19:16:25","date_gmt":"2017-01-30T18:16:25","guid":{"rendered":"https:\/\/www.motorschirm-flugcenter.de\/?page_id=2849"},"modified":"2023-11-14T16:35:37","modified_gmt":"2023-11-14T15:35:37","slug":"rundflug-im-sportflugzeug","status":"publish","type":"page","link":"https:\/\/www.motorschirm-flugcenter.de\/?page_id=2849","title":{"rendered":"Rundflug im Sportflugzeug"},"content":{"rendered":"\n<p>wir fliegen ab sofort vom Flugplatz Bautzen in Sachsen<\/p>\n\n\n\n<p><em><strong>Terminvereinbarung NUR telefonisch unter 0163-479-5330<\/strong><\/em><\/p>\n\n\n\n<p>Andere Pl\u00e4tze gegen Absprache m\u00f6glich. <\/p>\n\n\n\n<figure class=\"wp-block-gallery has-nested-images columns-default is-cropped wp-block-gallery-1 is-layout-flex wp-block-gallery-is-layout-flex\">\n<figure class=\"wp-block-image\"><img loading=\"lazy\" decoding=\"async\" width=\"850\" height=\"709\" data-id=\"4576\" src=\"https:\/\/www.motorschirm-flugcenter.de\/wp-content\/uploads\/2021\/11\/Chris5_Burg.jpg\" alt=\"\" class=\"wp-image-4576\" srcset=\"https:\/\/www.motorschirm-flugcenter.de\/wp-content\/uploads\/2021\/11\/Chris5_Burg.jpg 850w, https:\/\/www.motorschirm-flugcenter.de\/wp-content\/uploads\/2021\/11\/Chris5_Burg-300x250.jpg 300w, https:\/\/www.motorschirm-flugcenter.de\/wp-content\/uploads\/2021\/11\/Chris5_Burg-768x641.jpg 768w\" sizes=\"auto, (max-width: 850px) 100vw, 850px\" \/><\/figure>\n<\/figure>\n\n\n<p>&nbsp;<\/p>\n<p><img decoding=\"async\" src=\"https:\/\/www.motorschirm-flugcenter.de\/wp-content\/uploads\/2021\/11\/Chris-6-1024x727.jpg\"><\/p>\n<p>&nbsp;<\/p>\n<div class=\"csc-textpic-text\">\n<p class=\"bodytext\"><img decoding=\"async\" src=\"https:\/\/www.motorschirm-flugcenter.de\/wp-content\/uploads\/2021\/11\/Chris_Preise-1024x730.jpg\"><\/p>\n<p class=\"bodytext\"><em style=\"font-size: 1em; font-weight: 600;\">Nach dem Start unseres amerikanischen Tiefdeckers<\/em><img decoding=\"async\" style=\"font-size: 1em; font-weight: 600;\" src=\"https:\/\/www.motorschirm-flugcenter.de\/wp-content\/uploads\/2021\/11\/Chris5_Burg.jpg\"><\/p>\n<\/div>\n<div class=\"csc-textpic-text\">\n<p class=\"bodytext\">&nbsp;<\/p>\n<h6 class=\"bodytext\"><em>Landeanflug, Ansicht aus dem Cockpit<\/em><\/h6>\n<h6 class=\"bodytext\"><img loading=\"lazy\" decoding=\"async\" class=\"\" src=\"https:\/\/www.motorschirm-flugcenter.de\/wp-content\/uploads\/2021\/11\/Chris_landeanflug-576x1024.jpg\" width=\"487\" height=\"866\"><\/h6>\n<\/div>\n<h6><em>Ihr Pilot &#8222;Chris&#8220;<\/em><\/h6>\n<div class=\"csc-textpic-text\">\n<div class=\"csc-textpic-text\">\n<p class=\"bodytext\"><img loading=\"lazy\" decoding=\"async\" class=\"alignleft\" src=\"https:\/\/www.motorschirm-flugcenter.de\/wp-content\/uploads\/2021\/11\/Drehen-von-Gr%C3%B6%C3%9Fen%C3%A4nderung-Chris_PilotFoto-1024x764.jpg\" width=\"292\" height=\"218\"><\/p>\n<p class=\"bodytext\"><img loading=\"lazy\" decoding=\"async\" class=\"alignright\" src=\"https:\/\/www.motorschirm-flugcenter.de\/wp-content\/uploads\/2021\/11\/Drehen-von-Gr%C3%B6%C3%9Fen%C3%A4nderung-Chris2_Daumen-hoch-3.jpg\" width=\"379\" height=\"213\"><\/p>\n<\/div>\n<div id=\"c3304\" class=\"csc-default\">\n<div class=\"csc-textpic csc-textpic-center csc-textpic-below csc-textpic-equalheight\">\n<div class=\"csc-textpic-text\">\n<p class=\"bodytext\">&nbsp;<\/p>\n<\/div>\n<\/div>\n<\/div>\n<\/div>\n<div class=\"csc-textpic-text\">\n<div class=\"csc-textpic-text\">\n<p class=\"bodytext\">&nbsp;<\/p>\n<p class=\"bodytext\">&nbsp;<\/p>\n<\/div>\n<\/div>\n<p class=\"bodytext\">&nbsp;<\/p>\n<p class=\"bodytext\">&nbsp;<\/p>\n<p class=\"bodytext\">&nbsp;<\/p>\n<div class=\"csc-textpic-text\">\n<p class=\"align-left\">&nbsp;<\/p>\n<\/div>\n<p class=\"bodytext\">&nbsp;<\/p>\n<div>\n<div>\n<p class=\"bodytext\">&nbsp;<\/p>\n<\/div>\n<\/div>\n\n\n<h3 class=\"wp-block-heading\"><\/h3>\n\n\n\n<p><\/p>\n\n\n\n<p>AGB \u2013&nbsp;Allgemeine Gesch\u00e4ftsbedingungen<\/p>\n\n\n\n<p>Allgemeine Gesch\u00e4ftsbedingungen<br>von Motorschirm-Flugcenter-Aum\u00fcller (MSFC)<\/p>\n\n\n\n<p>1. Geltungsbereich<\/p>\n\n\n\n<p>F\u00fcr die Gesch\u00e4ftsbeziehung zwischen Motorschirm-Flugcenter, Inhaberin Martina Aum\u00fcller und dem Kunden gelten ausschlie\u00dflich die nachfolgenden Allgemeinen Gesch\u00e4ftsbedingungen in Ihrer zum Zeitpunkt des Vertragsschlusses g\u00fcltigen Fassung. Die Men\u00fcpunkte \u201eUnsere Leistungen\u201c und \u201eVoraussetzungen\u201c, der Webseite MSFC, sind Bestandteile unserer Allgemeinen Gesch\u00e4ftsbedingungen. Nebenabreden oder abweichende Bedingungen bed\u00fcrfen der schriftlichen Zustimmung von MSFC.<\/p>\n\n\n\n<p>2. Vertragsabschluss<\/p>\n\n\n\n<p>Die Buchung des Kunden oder die Auftragsbest\u00e4tigung von MSFC stellt noch keinen Vertragsabschluss dar. Ein Vertrag kommt erst durch die Terminbest\u00e4tigung oder \u00dcbersendung eines Gutscheines zu Stande. Ein mit MSFC geschlossener Vertrag kann aufgrund von technischen, witterungsbedingten, sicherheitsrelevanten oder personellen Problemen an ein selbst\u00e4ndiges Partnerunternehmen abgetreten werden. Bei Zustimmung des Kunden, gelten alle Vertrags- und Gesch\u00e4ftsbedingungen des Partnerunternehmens.<\/p>\n\n\n\n<p>3. Gutschein<\/p>\n\n\n\n<p>Der ausgestellte Gut-\/Bef\u00f6rderungsschein ist ab Ausstellungsdatum 3 Jahre g\u00fcltig. <\/p>\n\n\n\n<p>4. Nichterscheinen\/Gesundheit<\/p>\n\n\n\n<p>Best\u00e4tigte Termine sind f\u00fcr den Kunden verbindlich. Sollte ein vereinbarter Termin (inclusive 20 Minuten Versp\u00e4tung) nicht eingehalten werden, gilt dieser Flug als durchgef\u00fchrt. Erscheint ein Gast nach Meinung des Piloten nicht flugtauglich (Alkohol-\/ Drogenkonsum oder sonstiger nicht bef\u00f6rderungsf\u00e4higer Zustand), gilt der Flug als durchgef\u00fchrt. Krankheiten, k\u00f6rperliche oder geistige Beeintr\u00e4chtigungen sowie Schwangerschaft sind bereits bei der Terminvereinbarung anzuzeigen.<\/p>\n\n\n\n<p>5. Leistungsumfang<\/p>\n\n\n\n<p>Der Leistungsumfang ergibt sich aus der Terminbest\u00e4tigung und der zum Vertragsabschluss geltenden Leistungsbeschreibung. Notwendige \u00c4nderungen aufgrund von sicherheitsrelevanten oder organisatorischen Gr\u00fcnden sind zul\u00e4ssig und werden vom Piloten oder MSFC bestimmt.<\/p>\n\n\n\n<p>6. Haftung<\/p>\n\n\n\n<p>Die Haftung des Luftfrachtf\u00fchrers richtet sich nach dem geltenden Luftverkehrsgesetz (\u00a7\u00a7 44 ff LuftVG). F\u00fcr mitgenommene Gegenst\u00e4nde wie z.B. Brillen, Foto- und Filmger\u00e4t oder Gep\u00e4ck ist der Passagier selbst verantwortlich. Ihm obliegt auch die sto\u00dfsichere, verlustfreie Verwahrung w\u00e4hrend des Starts, des Fluges und der Landung. Anweisungen des Piloten sind vor dem Start, w\u00e4hrend des Fluges und nach dem Flug unbedingt Folge zu leisten. Bei Nichtbeachtung kann dies zum Flugabbruch f\u00fchren. F\u00fcr dadurch entstandene Sch\u00e4den haftet der Passagier. Schadensf\u00e4lle und Verletzungen sind dem Piloten\/ Luftfrachtf\u00fchrer unverz\u00fcglich anzuzeigen. Hat bei der Entstehung des Schadens ein Verschulden des Besch\u00e4digten mitgewirkt, so gilt \u00a7 254 BGB. Die Ersatzpflicht gem. \u00a7 44 ff LuftVG entf\u00e4llt.<\/p>\n\n\n\n<p>7. Bezahlung<\/p>\n\n\n\n<p>Die Bezahlung wird nach Erhalt der Auftragsbest\u00e4tigung f\u00e4llig. Nach vollst\u00e4ndiger Bezahlung erfolgt der Versand des Tickets\/Gutscheines. Erst dann ist rechtlich ein Bef\u00f6rderungsvertrag geschlossen und es kann eine Terminabsprache erfolgen.<\/p>\n\n\n\n<p>8. Gerichtsstand<\/p>\n\n\n\n<p>ist das Amtsgericht Coburg<\/p>\n\n\n\n<p>Widerrufsbelehrung<\/p>\n\n\n\n<p>Widerrufsrecht<\/p>\n\n\n\n<p>Sie haben das Recht, binnen vierzehn Tagen ohne Angabe von Gr\u00fcnden diesen Vertrag zu widerrufen. Die Widerrufsfrist betr\u00e4gt vierzehn Tage ab dem Tag der Zustellung des Tickets\/Gutscheins. Um Ihr Widerrufsrecht auszu\u00fcben, m\u00fcssen Sie uns,<\/p>\n\n\n\n<p>Motorschirm-Flugcenter-Aum\u00fcller, Am Teich 2, 96242 Sonnefeld<br>Telefon: 09266\/8344 Fax 09266\/992831<br>Mail: motorschirm-flugcenter-aumueller@web.de<\/p>\n\n\n\n<p>mittels einer eindeutigen Erkl\u00e4rung (z.B. ein mit der Post versandter Brief, Telefax oder E-Mail) \u00fcber Ihren Entschluss, diesen Vertrag zu widerrufen, informieren. Sie k\u00f6nnen dies formlos an uns senden. Zur Wahrung der Widerrufsfrist reicht es aus, dass Sie die Mitteilung \u00fcber die Aus\u00fcbung des Widerrufsrechts vor Ablauf der Widerrufsfrist absenden.<\/p>\n\n\n\n<p>Folgen des Widerrufs<\/p>\n\n\n\n<p>Wenn Sie diesen Vertrag widerrufen, haben wir Ihnen alle Zahlungen, die wir von Ihnen erhalten haben, einschlie\u00dflich der Lieferkosten (mit Ausnahme der zus\u00e4tzlichen Kosten, die sich daraus ergeben, dass Sie eine andere Art der Lieferung als die von uns angebotene, g\u00fcnstigste Standardlieferung gew\u00e4hlt haben), unverz\u00fcglich und sp\u00e4testens binnen vierzehn Tagen ab dem Tag zur\u00fcckzuzahlen, an dem die Mitteilung \u00fcber Ihren Widerruf dieses Vertrags bei uns eingegangen ist. F\u00fcr diese R\u00fcckzahlung verwenden wir dasselbe Zahlungsmittel, das Sie bei der urspr\u00fcnglichen Transaktion eingesetzt haben, es sei denn, mit Ihnen wurde ausdr\u00fccklich etwas anderes vereinbart; in keinem Fall werden Ihnen wegen dieser R\u00fcckzahlung Entgelte berechnet.<\/p>\n","protected":false},"excerpt":{"rendered":"<p>wir fliegen ab sofort vom Flugplatz Bautzen in Sachsen Terminvereinbarung NUR telefonisch unter 0163-479-5330 Andere Pl\u00e4tze gegen Absprache m\u00f6glich. &nbsp; &nbsp; Nach dem Start unseres amerikanischen Tiefdeckers &nbsp; Landeanflug, Ansicht <span class=\"readmore\"><a href=\"https:\/\/www.motorschirm-flugcenter.de\/?page_id=2849\">Read More &#8230;<\/a><\/span><\/p>\n","protected":false},"author":2,"featured_media":0,"parent":8,"menu_order":2,"comment_status":"closed","ping_status":"closed","template":"","meta":{"ngg_post_thumbnail":0,"footnotes":""},"class_list":["post-2849","page","type-page","status-publish","hentry"],"_links":{"self":[{"href":"https:\/\/www.motorschirm-flugcenter.de\/index.php?rest_route=\/wp\/v2\/pages\/2849","targetHints":{"allow":["GET"]}}],"collection":[{"href":"https:\/\/www.motorschirm-flugcenter.de\/index.php?rest_route=\/wp\/v2\/pages"}],"about":[{"href":"https:\/\/www.motorschirm-flugcenter.de\/index.php?rest_route=\/wp\/v2\/types\/page"}],"author":[{"embeddable":true,"href":"https:\/\/www.motorschirm-flugcenter.de\/index.php?rest_route=\/wp\/v2\/users\/2"}],"replies":[{"embeddable":true,"href":"https:\/\/www.motorschirm-flugcenter.de\/index.php?rest_route=%2Fwp%2Fv2%2Fcomments&post=2849"}],"version-history":[{"count":28,"href":"https:\/\/www.motorschirm-flugcenter.de\/index.php?rest_route=\/wp\/v2\/pages\/2849\/revisions"}],"predecessor-version":[{"id":4980,"href":"https:\/\/www.motorschirm-flugcenter.de\/index.php?rest_route=\/wp\/v2\/pages\/2849\/revisions\/4980"}],"up":[{"embeddable":true,"href":"https:\/\/www.motorschirm-flugcenter.de\/index.php?rest_route=\/wp\/v2\/pages\/8"}],"wp:attachment":[{"href":"https:\/\/www.motorschirm-flugcenter.de\/index.php?rest_route=%2Fwp%2Fv2%2Fmedia&parent=2849"}],"curies":[{"name":"wp","href":"https:\/\/api.w.org\/{rel}","templated":true}]}}