{"id":3009,"date":"2017-04-04T23:05:25","date_gmt":"2017-04-04T21:05:25","guid":{"rendered":"https:\/\/www.motorschirm-flugcenter.de\/?page_id=3009"},"modified":"2023-01-28T12:21:11","modified_gmt":"2023-01-28T11:21:11","slug":"phazer-i-das-einsitzige-motorschirmtrike","status":"publish","type":"page","link":"https:\/\/www.motorschirm-flugcenter.de\/?page_id=3009","title":{"rendered":"PHAZER ONE &#8211; Das Einsitzige Motorschirmtrike"},"content":{"rendered":"<p><strong><span style=\"color: #ff0000;\">Steht zum Probesitzen, Probefliegen bereit.<\/span><\/strong><\/p>\n<h1>Unser Einsitziges, komfortables Motorschirmtrike<\/h1>\n<ul>\n<li>\n<h2><img loading=\"lazy\" decoding=\"async\" class=\"aligncenter wp-image-3052 size-large\" src=\"https:\/\/www.motorschirm-flugcenter.de\/wp-content\/uploads\/2017\/04\/PH_9-1024x766.jpg\" alt=\"\" width=\"840\" height=\"628\" srcset=\"https:\/\/www.motorschirm-flugcenter.de\/wp-content\/uploads\/2017\/04\/PH_9.jpg 1024w, https:\/\/www.motorschirm-flugcenter.de\/wp-content\/uploads\/2017\/04\/PH_9-300x224.jpg 300w, https:\/\/www.motorschirm-flugcenter.de\/wp-content\/uploads\/2017\/04\/PH_9-768x575.jpg 768w\" sizes=\"auto, (max-width: 840px) 100vw, 840px\" \/> &nbsp; &nbsp; &nbsp; &nbsp; &nbsp; &nbsp; &nbsp; &nbsp; &nbsp;<\/h2>\n<h2>Ja, es sieht aus wie ein Phazer und es ist ein Phazer, &#8211;<\/h2>\n<h2>&nbsp;&nbsp;&nbsp;&nbsp;&nbsp;&nbsp;&nbsp;&nbsp;&nbsp;&nbsp;&nbsp;&nbsp;&nbsp;&nbsp;&nbsp;&nbsp;&nbsp;&nbsp;&nbsp;&nbsp;&nbsp;&nbsp;&nbsp;&nbsp; der &#8222;Phazer ONE&#8220;<\/h2>\n<\/li>\n<\/ul>\nngg_shortcode_0_placeholder\n<ul>\n<li>Unser neues Einsitziges Motorschirmtrike ist ABSOFORT BESTELLBAR !!!<\/li>\n<li>Fu\u00dfbremse&nbsp;am Vorderrad<\/li>\n<li>Super gro\u00dfer bequemer Sitz mit Kopfst\u00fctze f\u00fcr entspanntes langes fliegen.<\/li>\n<li>Rucksack-Motoren von fast allen Herstellern k\u00f6nnen angeh\u00e4ngt, oder fest angebaut werden wir empfehlen die&nbsp;Motoren von Fresh-Breeze, diese k\u00f6nnt Ihr gerne \u00fcber uns beziehen oder Eueren eigenen Motor anbringen.<\/li>\n<li>Serienm\u00e4\u00dfig mit Cockpit, dieses k\u00f6nnt Ihr dann mit Eueren Instrumenten best\u00fccken<\/li>\n<li>oder nach Eueren W\u00fcnschen und Vorstellungen best\u00fccken lassen (z.B. GPS, Kompass, Vario&#8230;)<\/li>\n<li>Es gibt passende Radschuhe<\/li>\n<li>Raketenrettungsger\u00e4t<\/li>\n<li>Fester gro\u00dfer Tank<\/li>\n<li>Motoren mit Adapterplatte fest angebau<\/li>\n<li>uvm\u2026 wir gestalten und bauen nach Eueren W\u00fcnschen<\/li>\n<\/ul>\n<h2><span style=\"color: #ff0000;\">Der Preis f\u00fcr das PHAZER&nbsp;ONE ohne Motor mit allen serienm\u00e4\u00dfigen Teilen <\/span><span style=\"color: #ff0000;\">ab 3.950&#8211; \u20ac inkl. MwSt.<\/span><\/h2>\n<p>als Zubeh\u00f6r lieferbar:<\/p>\n<ul>\n<li>Fu\u00dfgas<\/li>\n<li>Reisegas<\/li>\n<li>Aufziehvorrichtung<\/li>\n<li>Es gibt den Phazer&nbsp;ONE auch mit dem Simonini Mini 3 Motor als Option ab Werk Lieferbar<\/li>\n<li>Fester 28 Ltr. Alutank m\u00f6glich<\/li>\n<li>Wurf-Rettungsger\u00e4t auch Raketenrettungsger\u00e4t<\/li>\n<li>Funk und Headset&#8217;s<\/li>\n<li>Motorschirme von div. Herstellern &#8211; wir empfehlen den T-Fighter<\/li>\n<li>GPS, Vario, Kompass, und vieles mehr&#8230;<\/li>\n<\/ul>\n<p>Schreibt uns eine Mail oder ruft uns an, gerne stellen wir Dir Deinen PHAZER ONE zusammen.<\/p>\n<p>Besichtigung, Probesitzen, Probeflug in K\u00fcrze m\u00f6glich!<\/p>\n<h2>Filme:<\/h2>\n<p><a href=\"https:\/\/www.facebook.com\/robert.aumuller.3\/videos\/1394733103927585\/\" target=\"_blank\" rel=\"noopener noreferrer\">Flug und Landung<\/a><\/p>\n<p><a href=\"https:\/\/www.facebook.com\/robert.aumuller.3\/videos\/1394720977262131\/\" target=\"_blank\" rel=\"noopener noreferrer\">Start PHAZER 1<\/a><\/p>\n<p>&nbsp;<\/p>\n<p>&nbsp;<\/p>\n<p>&nbsp;<\/p>\n","protected":false},"excerpt":{"rendered":"<p>Steht zum Probesitzen, Probefliegen bereit. Unser Einsitziges, komfortables Motorschirmtrike &nbsp; &nbsp; &nbsp; &nbsp; &nbsp; &nbsp; &nbsp; &nbsp; &nbsp; Ja, es sieht aus wie ein Phazer und es ist ein Phazer, <span class=\"readmore\"><a href=\"https:\/\/www.motorschirm-flugcenter.de\/?page_id=3009\">Read More &#8230;<\/a><\/span><\/p>\n","protected":false},"author":2,"featured_media":3010,"parent":0,"menu_order":0,"comment_status":"closed","ping_status":"closed","template":"","meta":{"ngg_post_thumbnail":0,"footnotes":""},"class_list":["post-3009","page","type-page","status-publish","has-post-thumbnail","hentry"],"_links":{"self":[{"href":"https:\/\/www.motorschirm-flugcenter.de\/index.php?rest_route=\/wp\/v2\/pages\/3009","targetHints":{"allow":["GET"]}}],"collection":[{"href":"https:\/\/www.motorschirm-flugcenter.de\/index.php?rest_route=\/wp\/v2\/pages"}],"about":[{"href":"https:\/\/www.motorschirm-flugcenter.de\/index.php?rest_route=\/wp\/v2\/types\/page"}],"author":[{"embeddable":true,"href":"https:\/\/www.motorschirm-flugcenter.de\/index.php?rest_route=\/wp\/v2\/users\/2"}],"replies":[{"embeddable":true,"href":"https:\/\/www.motorschirm-flugcenter.de\/index.php?rest_route=%2Fwp%2Fv2%2Fcomments&post=3009"}],"version-history":[{"count":25,"href":"https:\/\/www.motorschirm-flugcenter.de\/index.php?rest_route=\/wp\/v2\/pages\/3009\/revisions"}],"predecessor-version":[{"id":4775,"href":"https:\/\/www.motorschirm-flugcenter.de\/index.php?rest_route=\/wp\/v2\/pages\/3009\/revisions\/4775"}],"wp:featuredmedia":[{"embeddable":true,"href":"https:\/\/www.motorschirm-flugcenter.de\/index.php?rest_route=\/wp\/v2\/media\/3010"}],"wp:attachment":[{"href":"https:\/\/www.motorschirm-flugcenter.de\/index.php?rest_route=%2Fwp%2Fv2%2Fmedia&parent=3009"}],"curies":[{"name":"wp","href":"https:\/\/api.w.org\/{rel}","templated":true}]}}