{"id":33,"date":"2016-08-19T17:36:33","date_gmt":"2016-08-19T15:36:33","guid":{"rendered":"https:\/\/www.motorschirm-flugcenter.de\/?page_id=33"},"modified":"2019-01-30T15:42:27","modified_gmt":"2019-01-30T14:42:27","slug":"galerie","status":"publish","type":"page","link":"https:\/\/www.motorschirm-flugcenter.de\/?page_id=33","title":{"rendered":"Galerie"},"content":{"rendered":"<h2>Unser Verkaufsraum und einige Impressionen:<\/h2>\n<p><img loading=\"lazy\" decoding=\"async\" width=\"434\" height=\"326\" class=\"wp-image-3657 alignleft\" alt=\"\" src=\"https:\/\/www.motorschirm-flugcenter.de\/wp-content\/uploads\/2017\/12\/Gr\u00f6\u00dfen\u00e4nderung-P1060822-300x225.jpg\" srcset=\"https:\/\/www.motorschirm-flugcenter.de\/wp-content\/uploads\/2017\/12\/Gr\u00f6\u00dfen\u00e4nderung-P1060822-300x225.jpg 300w, https:\/\/www.motorschirm-flugcenter.de\/wp-content\/uploads\/2017\/12\/Gr\u00f6\u00dfen\u00e4nderung-P1060822-768x576.jpg 768w, https:\/\/www.motorschirm-flugcenter.de\/wp-content\/uploads\/2017\/12\/Gr\u00f6\u00dfen\u00e4nderung-P1060822-1024x768.jpg 1024w, https:\/\/www.motorschirm-flugcenter.de\/wp-content\/uploads\/2017\/12\/Gr\u00f6\u00dfen\u00e4nderung-P1060822.jpg 1280w\" sizes=\"auto, (max-width: 434px) 100vw, 434px\" \/><\/p>\n<p>&nbsp;<\/p>\n<p>Klapptrike Evolution II Made in Germany By Gunar Barthel<\/p>\n<p>&nbsp;<\/p>\n<p>&nbsp;<\/p>\n<p>&nbsp;<\/p>\n<p>&nbsp;<\/p>\n<p>&nbsp;<\/p>\n<p><img loading=\"lazy\" decoding=\"async\" width=\"300\" height=\"225\" class=\"size-medium wp-image-3656 alignright\" alt=\"\" src=\"https:\/\/www.motorschirm-flugcenter.de\/wp-content\/uploads\/2017\/12\/Gr\u00f6\u00dfen\u00e4nderung-P1060821-300x225.jpg\" srcset=\"https:\/\/www.motorschirm-flugcenter.de\/wp-content\/uploads\/2017\/12\/Gr\u00f6\u00dfen\u00e4nderung-P1060821-300x225.jpg 300w, https:\/\/www.motorschirm-flugcenter.de\/wp-content\/uploads\/2017\/12\/Gr\u00f6\u00dfen\u00e4nderung-P1060821-768x576.jpg 768w, https:\/\/www.motorschirm-flugcenter.de\/wp-content\/uploads\/2017\/12\/Gr\u00f6\u00dfen\u00e4nderung-P1060821-1024x768.jpg 1024w, https:\/\/www.motorschirm-flugcenter.de\/wp-content\/uploads\/2017\/12\/Gr\u00f6\u00dfen\u00e4nderung-P1060821.jpg 1280w\" sizes=\"auto, (max-width: 300px) 100vw, 300px\" \/><\/p>\n<p>&nbsp;<\/p>\n<p>Gr\u00f6\u00dfenvergleich Dreileiner Independence &nbsp; &nbsp; Geronimo 2 vs.&nbsp;<\/p>\n<p>Leichtschirm Independence Tensing<\/p>\n<p>&nbsp;<\/p>\n<p>&nbsp;<\/p>\n<p><img loading=\"lazy\" decoding=\"async\" width=\"300\" height=\"225\" class=\"size-medium wp-image-3650 alignleft\" alt=\"\" src=\"https:\/\/www.motorschirm-flugcenter.de\/wp-content\/uploads\/2017\/12\/Gr\u00f6\u00dfen\u00e4nderung-P1060815-300x225.jpg\" srcset=\"https:\/\/www.motorschirm-flugcenter.de\/wp-content\/uploads\/2017\/12\/Gr\u00f6\u00dfen\u00e4nderung-P1060815-300x225.jpg 300w, https:\/\/www.motorschirm-flugcenter.de\/wp-content\/uploads\/2017\/12\/Gr\u00f6\u00dfen\u00e4nderung-P1060815-768x576.jpg 768w, https:\/\/www.motorschirm-flugcenter.de\/wp-content\/uploads\/2017\/12\/Gr\u00f6\u00dfen\u00e4nderung-P1060815-1024x768.jpg 1024w, https:\/\/www.motorschirm-flugcenter.de\/wp-content\/uploads\/2017\/12\/Gr\u00f6\u00dfen\u00e4nderung-P1060815.jpg 1280w\" sizes=\"auto, (max-width: 300px) 100vw, 300px\" \/><\/p>\n<p>&nbsp;<\/p>\n<p>Zubeh\u00f6r: Windsack, Helix-Propeller, Beschleuniger, Beinstrecker. Rettungsger\u00e4te von leicht bis Doppelsitzer Retter, Funk, Flugnavigation, Tankanzeige ect&#8230;.<\/p>\n<p>&nbsp;<\/p>\n<p><img loading=\"lazy\" decoding=\"async\" width=\"300\" height=\"225\" class=\"size-medium wp-image-3639 alignright\" alt=\"\" src=\"https:\/\/www.motorschirm-flugcenter.de\/wp-content\/uploads\/2017\/12\/Gr\u00f6\u00dfen\u00e4nderung-P1060804-300x225.jpg\" srcset=\"https:\/\/www.motorschirm-flugcenter.de\/wp-content\/uploads\/2017\/12\/Gr\u00f6\u00dfen\u00e4nderung-P1060804-300x225.jpg 300w, https:\/\/www.motorschirm-flugcenter.de\/wp-content\/uploads\/2017\/12\/Gr\u00f6\u00dfen\u00e4nderung-P1060804-768x576.jpg 768w, https:\/\/www.motorschirm-flugcenter.de\/wp-content\/uploads\/2017\/12\/Gr\u00f6\u00dfen\u00e4nderung-P1060804-1024x768.jpg 1024w, https:\/\/www.motorschirm-flugcenter.de\/wp-content\/uploads\/2017\/12\/Gr\u00f6\u00dfen\u00e4nderung-P1060804.jpg 1280w\" sizes=\"auto, (max-width: 300px) 100vw, 300px\" \/><\/p>\n<p>&nbsp;<\/p>\n<p>&nbsp;<\/p>\n<p>&nbsp;<\/p>\n<p>&nbsp;<\/p>\n<p>&nbsp;<\/p>\n<p>&nbsp;<\/p>\n<p><img loading=\"lazy\" decoding=\"async\" width=\"300\" height=\"225\" class=\"size-medium wp-image-3596 alignleft\" alt=\"\" src=\"https:\/\/www.motorschirm-flugcenter.de\/wp-content\/uploads\/2017\/01\/Gr\u00f6\u00dfen\u00e4nderung-CIMG2596-1-1-300x225.jpg\" srcset=\"https:\/\/www.motorschirm-flugcenter.de\/wp-content\/uploads\/2017\/01\/Gr\u00f6\u00dfen\u00e4nderung-CIMG2596-1-1-300x225.jpg 300w, https:\/\/www.motorschirm-flugcenter.de\/wp-content\/uploads\/2017\/01\/Gr\u00f6\u00dfen\u00e4nderung-CIMG2596-1-1-768x576.jpg 768w, https:\/\/www.motorschirm-flugcenter.de\/wp-content\/uploads\/2017\/01\/Gr\u00f6\u00dfen\u00e4nderung-CIMG2596-1-1.jpg 1024w\" sizes=\"auto, (max-width: 300px) 100vw, 300px\" \/><\/p>\n<p>Motorschirme, Trikes, Ein.- und Doppelsitzer von Gunar Barthel und Fresh Breeze<\/p>\n<p>&nbsp;<\/p>\n<p>&nbsp;<\/p>\n<p>&nbsp;<\/p>\n<p>&nbsp;<\/p>\n<p><img loading=\"lazy\" decoding=\"async\" width=\"300\" height=\"225\" class=\"alignnone size-medium wp-image-3433\" alt=\"\" src=\"https:\/\/www.motorschirm-flugcenter.de\/wp-content\/uploads\/2017\/02\/Gr\u00f6\u00dfen\u00e4nderung-CIMG3132-Kopie-3-300x225.jpg\" srcset=\"https:\/\/www.motorschirm-flugcenter.de\/wp-content\/uploads\/2017\/02\/Gr\u00f6\u00dfen\u00e4nderung-CIMG3132-Kopie-3-300x225.jpg 300w, https:\/\/www.motorschirm-flugcenter.de\/wp-content\/uploads\/2017\/02\/Gr\u00f6\u00dfen\u00e4nderung-CIMG3132-Kopie-3-768x576.jpg 768w, https:\/\/www.motorschirm-flugcenter.de\/wp-content\/uploads\/2017\/02\/Gr\u00f6\u00dfen\u00e4nderung-CIMG3132-Kopie-3.jpg 1024w\" sizes=\"auto, (max-width: 300px) 100vw, 300px\" \/>&nbsp;<img loading=\"lazy\" decoding=\"async\" width=\"300\" height=\"225\" class=\"size-medium wp-image-3434 alignnone\" alt=\"\" src=\"https:\/\/www.motorschirm-flugcenter.de\/wp-content\/uploads\/2017\/02\/Gr\u00f6\u00dfen\u00e4nderung-CIMG3133-Kopie-2-Kopie-300x225.jpg\" srcset=\"https:\/\/www.motorschirm-flugcenter.de\/wp-content\/uploads\/2017\/02\/Gr\u00f6\u00dfen\u00e4nderung-CIMG3133-Kopie-2-Kopie-300x225.jpg 300w, https:\/\/www.motorschirm-flugcenter.de\/wp-content\/uploads\/2017\/02\/Gr\u00f6\u00dfen\u00e4nderung-CIMG3133-Kopie-2-Kopie-768x576.jpg 768w, https:\/\/www.motorschirm-flugcenter.de\/wp-content\/uploads\/2017\/02\/Gr\u00f6\u00dfen\u00e4nderung-CIMG3133-Kopie-2-Kopie.jpg 1024w\" sizes=\"auto, (max-width: 300px) 100vw, 300px\" \/><\/p>\n<p>Das fliegende Fahrrad Flyke von&nbsp; Fresh Breeze gebraucht&nbsp;<\/p>\n<p>&nbsp;<img loading=\"lazy\" decoding=\"async\" width=\"300\" height=\"224\" class=\"alignnone size-medium wp-image-3052\" alt=\"\" src=\"https:\/\/www.motorschirm-flugcenter.de\/wp-content\/uploads\/2017\/04\/PH_9-300x224.jpg\" srcset=\"https:\/\/www.motorschirm-flugcenter.de\/wp-content\/uploads\/2017\/04\/PH_9-300x224.jpg 300w, https:\/\/www.motorschirm-flugcenter.de\/wp-content\/uploads\/2017\/04\/PH_9-768x575.jpg 768w, https:\/\/www.motorschirm-flugcenter.de\/wp-content\/uploads\/2017\/04\/PH_9.jpg 1024w\" sizes=\"auto, (max-width: 300px) 100vw, 300px\" \/> Phazer One von Gunar Barthel<\/p>\n<p><img loading=\"lazy\" decoding=\"async\" width=\"300\" height=\"225\" class=\"alignnone size-medium wp-image-1043\" alt=\"\" src=\"https:\/\/www.motorschirm-flugcenter.de\/wp-content\/uploads\/2017\/01\/Gr\u00f6\u00dfen\u00e4nderung-CIMG0054-300x225.jpg\" srcset=\"https:\/\/www.motorschirm-flugcenter.de\/wp-content\/uploads\/2017\/01\/Gr\u00f6\u00dfen\u00e4nderung-CIMG0054-300x225.jpg 300w, https:\/\/www.motorschirm-flugcenter.de\/wp-content\/uploads\/2017\/01\/Gr\u00f6\u00dfen\u00e4nderung-CIMG0054-768x576.jpg 768w, https:\/\/www.motorschirm-flugcenter.de\/wp-content\/uploads\/2017\/01\/Gr\u00f6\u00dfen\u00e4nderung-CIMG0054-1024x768.jpg 1024w\" sizes=\"auto, (max-width: 300px) 100vw, 300px\" \/>Doppelsitzertrike Phazer II &#8211; Abverkauf Vorf\u00fchrger\u00e4t<\/p>\n<p><img loading=\"lazy\" decoding=\"async\" width=\"300\" height=\"225\" class=\"alignnone size-medium wp-image-3339\" alt=\"\" src=\"https:\/\/www.motorschirm-flugcenter.de\/wp-content\/uploads\/2017\/01\/Gr\u00f6\u00dfen\u00e4nderung-CIMG2492-1-300x225.jpg\" srcset=\"https:\/\/www.motorschirm-flugcenter.de\/wp-content\/uploads\/2017\/01\/Gr\u00f6\u00dfen\u00e4nderung-CIMG2492-1-300x225.jpg 300w, https:\/\/www.motorschirm-flugcenter.de\/wp-content\/uploads\/2017\/01\/Gr\u00f6\u00dfen\u00e4nderung-CIMG2492-1-768x576.jpg 768w, https:\/\/www.motorschirm-flugcenter.de\/wp-content\/uploads\/2017\/01\/Gr\u00f6\u00dfen\u00e4nderung-CIMG2492-1.jpg 1024w\" sizes=\"auto, (max-width: 300px) 100vw, 300px\" \/> Guiding S\u00fcdspanien<\/p>\n<p>&nbsp;<\/p>\n<p>&nbsp;<\/p>\n<figure id=\"attachment_921\" aria-describedby=\"caption-attachment-921\" style=\"width: 300px\" class=\"wp-caption alignright\"><a href=\"https:\/\/www.motorschirm-flugcenter.de\/?page_id=2300\" target=\"_blank\" rel=\"noopener\"><img loading=\"lazy\" decoding=\"async\" width=\"300\" height=\"200\" class=\"wp-image-921 size-medium\" alt=\"durch klicken aufs Bild kommst du zur Seite\" src=\"https:\/\/www.motorschirm-flugcenter.de\/wp-content\/uploads\/2017\/01\/Gr\u00f6\u00dfen\u00e4nderung-1-Flug-Chris-Trike-012-300x200.jpg\" srcset=\"https:\/\/www.motorschirm-flugcenter.de\/wp-content\/uploads\/2017\/01\/Gr\u00f6\u00dfen\u00e4nderung-1-Flug-Chris-Trike-012-300x200.jpg 300w, https:\/\/www.motorschirm-flugcenter.de\/wp-content\/uploads\/2017\/01\/Gr\u00f6\u00dfen\u00e4nderung-1-Flug-Chris-Trike-012-768x512.jpg 768w, https:\/\/www.motorschirm-flugcenter.de\/wp-content\/uploads\/2017\/01\/Gr\u00f6\u00dfen\u00e4nderung-1-Flug-Chris-Trike-012-1024x683.jpg 1024w, https:\/\/www.motorschirm-flugcenter.de\/wp-content\/uploads\/2017\/01\/Gr\u00f6\u00dfen\u00e4nderung-1-Flug-Chris-Trike-012.jpg 1152w\" sizes=\"auto, (max-width: 300px) 100vw, 300px\" \/><\/a><figcaption id=\"caption-attachment-921\" class=\"wp-caption-text\">Tschechisches Einsitziges Motorschirm-Trike mit Zwei-Zylinder-Trabant-Motor<\/figcaption><\/figure>\n<p>&nbsp;<\/p>\n<p>&nbsp;<\/p>\n<p>&nbsp;<\/p>\n<p>&nbsp;<\/p>\n<p>&nbsp;<\/p>\n<p>&nbsp;<\/p>\n<p>&nbsp;<\/p>\n<p><img loading=\"lazy\" decoding=\"async\" width=\"300\" height=\"225\" class=\"size-medium wp-image-2334 alignleft\" alt=\"\" src=\"https:\/\/www.motorschirm-flugcenter.de\/wp-content\/uploads\/2016\/08\/DSCN1602-300x225.jpg\" srcset=\"https:\/\/www.motorschirm-flugcenter.de\/wp-content\/uploads\/2016\/08\/DSCN1602-300x225.jpg 300w, https:\/\/www.motorschirm-flugcenter.de\/wp-content\/uploads\/2016\/08\/DSCN1602-768x576.jpg 768w, https:\/\/www.motorschirm-flugcenter.de\/wp-content\/uploads\/2016\/08\/DSCN1602.jpg 1024w\" sizes=\"auto, (max-width: 300px) 100vw, 300px\" \/><\/p>\n<p>&nbsp;<\/p>\n<p>&nbsp;<\/p>\n<p>&nbsp;<\/p>\n<p>&nbsp;<\/p>\n<p>&nbsp;<\/p>\n<p>Santa Pola \/ Spanien ab 2002<\/p>\n<h3>&nbsp;<\/h3>\n<p>&nbsp;<\/p>\n<p>&nbsp;<\/p>\n","protected":false},"excerpt":{"rendered":"<p>Unser Verkaufsraum und einige Impressionen: &nbsp; Klapptrike Evolution II Made in Germany By Gunar Barthel &nbsp; &nbsp; &nbsp; &nbsp; &nbsp; &nbsp; Gr\u00f6\u00dfenvergleich Dreileiner Independence &nbsp; &nbsp; Geronimo 2 vs.&nbsp; Leichtschirm <span class=\"readmore\"><a href=\"https:\/\/www.motorschirm-flugcenter.de\/?page_id=33\">Read More &#8230;<\/a><\/span><\/p>\n","protected":false},"author":1,"featured_media":0,"parent":0,"menu_order":0,"comment_status":"closed","ping_status":"closed","template":"","meta":{"ngg_post_thumbnail":0,"footnotes":""},"class_list":["post-33","page","type-page","status-publish","hentry"],"_links":{"self":[{"href":"https:\/\/www.motorschirm-flugcenter.de\/index.php?rest_route=\/wp\/v2\/pages\/33","targetHints":{"allow":["GET"]}}],"collection":[{"href":"https:\/\/www.motorschirm-flugcenter.de\/index.php?rest_route=\/wp\/v2\/pages"}],"about":[{"href":"https:\/\/www.motorschirm-flugcenter.de\/index.php?rest_route=\/wp\/v2\/types\/page"}],"author":[{"embeddable":true,"href":"https:\/\/www.motorschirm-flugcenter.de\/index.php?rest_route=\/wp\/v2\/users\/1"}],"replies":[{"embeddable":true,"href":"https:\/\/www.motorschirm-flugcenter.de\/index.php?rest_route=%2Fwp%2Fv2%2Fcomments&post=33"}],"version-history":[{"count":17,"href":"https:\/\/www.motorschirm-flugcenter.de\/index.php?rest_route=\/wp\/v2\/pages\/33\/revisions"}],"predecessor-version":[{"id":4078,"href":"https:\/\/www.motorschirm-flugcenter.de\/index.php?rest_route=\/wp\/v2\/pages\/33\/revisions\/4078"}],"wp:attachment":[{"href":"https:\/\/www.motorschirm-flugcenter.de\/index.php?rest_route=%2Fwp%2Fv2%2Fmedia&parent=33"}],"curies":[{"name":"wp","href":"https:\/\/api.w.org\/{rel}","templated":true}]}}