{"id":3820,"date":"2019-01-29T20:50:42","date_gmt":"2019-01-29T19:50:42","guid":{"rendered":"https:\/\/www.motorschirm-flugcenter.de\/?page_id=3820"},"modified":"2019-01-30T20:40:11","modified_gmt":"2019-01-30T19:40:11","slug":"vorfuehrschirm-tensing-23-red-robuster-single-skin-ltf-en-b-nur-23-kg","status":"publish","type":"page","link":"https:\/\/www.motorschirm-flugcenter.de\/?page_id=3820","title":{"rendered":"Vorf\u00fchrschirm Tensing 23 Red- robuster Single Skin LTF\/EN B, nur 2,3 Kg"},"content":{"rendered":"<p><img loading=\"lazy\" decoding=\"async\" width=\"254\" height=\"300\" class=\"alignnone size-medium wp-image-3818\" alt=\"\" src=\"https:\/\/www.motorschirm-flugcenter.de\/wp-content\/uploads\/2019\/01\/Tensing_red1-254x300.jpg\" srcset=\"https:\/\/www.motorschirm-flugcenter.de\/wp-content\/uploads\/2019\/01\/Tensing_red1-254x300.jpg 254w, https:\/\/www.motorschirm-flugcenter.de\/wp-content\/uploads\/2019\/01\/Tensing_red1.jpg 424w\" sizes=\"auto, (max-width: 254px) 100vw, 254px\" \/>Leichtschirm Tensing 23<\/p>\n<p><span style=\"display: inline !important; float: none; background-color: transparent; color: #333333; font-family: 'canada-type-gibson',sans-serif; font-size: 16px; font-style: normal; font-variant: normal; font-weight: 300; letter-spacing: normal; orphans: 2; text-align: left; text-decoration: none; text-indent: 0px; text-transform: none; -webkit-text-stroke-width: 0px; white-space: normal; word-spacing: 2px;\">Der leichte und robuste Einfachsegler Tensing ist schon durch sein geringes Packvolumen und Gewicht ein idealer Begleiter im <\/span><strong>Gebirge<\/strong><span style=\"display: inline !important; float: none; background-color: transparent; color: #333333; font-family: 'canada-type-gibson',sans-serif; font-size: 16px; font-style: normal; font-variant: normal; font-weight: 300; letter-spacing: normal; orphans: 2; text-align: left; text-decoration: none; text-indent: 0px; text-transform: none; -webkit-text-stroke-width: 0px; white-space: normal; word-spacing: 2px;\">. Zum einen \u00f6ffnet er so Piloten ganz neue M\u00f6glichkeiten, wie etwa die Kombination von Klettern und Gleitschirmfliegen. Und zum anderen ist seine Konzeption insbesondere auf das Fliegen mit sitzbrettlosen Gurtzeugen ausgerichtet, mit denen sich der Tensing hervorragend steuern l\u00e4sst. Au\u00dferdem ist er hervorragend f\u00fcr das <\/span><strong>Thermikfliegen<\/strong><span style=\"display: inline !important; float: none; background-color: transparent; color: #333333; font-family: 'canada-type-gibson',sans-serif; font-size: 16px; font-style: normal; font-variant: normal; font-weight: 300; letter-spacing: normal; orphans: 2; text-align: left; text-decoration: none; text-indent: 0px; text-transform: none; -webkit-text-stroke-width: 0px; white-space: normal; word-spacing: 2px;\"> wie auch f\u00fcr das <\/span><strong>Soaren<\/strong><span style=\"display: inline !important; float: none; background-color: transparent; color: #333333; font-family: 'canada-type-gibson',sans-serif; font-size: 16px; font-style: normal; font-variant: normal; font-weight: 300; letter-spacing: normal; orphans: 2; text-align: left; text-decoration: none; text-indent: 0px; text-transform: none; -webkit-text-stroke-width: 0px; white-space: normal; word-spacing: 2px;\"> geeignet.<\/span><\/p>\n<p>Tensing ist extrem einfach zu starten, auch bei schwierigen Bedingungen, und ist mit einer Grundgeschwindigkeit von etwa 38 km\/h ein sehr schneller und wendiger Schirm. Zudem zeigt er durch sein geringes Kappengewicht, sein geringes Volumen und die Konzeption des Struts ein besonders stabiles Flugverhalten.<\/p>\n<p>In den Zulassungstests (EN und LTF) hat der B-Schirm in fast allen Kategorien mit der Bewertung A abgeschnitten. Die Kappe besteht aus robustem Dominico D20. Die Stammleinen sind ummantelt und der Tragegurt ist 15mm breit. Gerade bei schwierigen Bedingungen ist dies oft ein Vorteil. Tensing ist in drei Gr\u00f6\u00dfen verf\u00fcgbar. In Gr\u00f6\u00dfe 20 hat er ein Gewicht von 2,1kg.<\/p>\n<p>Der Tensing hat ein ein <strong>gutes Gleiten<\/strong>, das schon nahe an das Gleiten eines normalen Gleitschirmes heran kommt. Und mit diesem wendigen Single Skin in der <strong>Thermik<\/strong> zu kurbeln, macht richtig Spa\u00df! Die Tatsache, dass der Schirm <strong>Aufwind besonders gut nutzen<\/strong> kann und <strong>extrem leicht zu starten<\/strong> ist, macht ihn in seiner Klasse auch zu einem idealen Schirm f\u00fcr das <strong>Soaren<\/strong>.<\/p>\n<table width=\"713\" style=\"height: 555px;\">\n<tbody>\n<tr>\n<td>Gr\u00f6\u00dfe<\/td>\n<td>17<\/td>\n<td>20<\/td>\n<td>23<\/td>\n<\/tr>\n<tr>\n<td>Anzahl Zellen<\/td>\n<td>39<\/td>\n<td>39<\/td>\n<td>39<\/td>\n<\/tr>\n<tr>\n<td>ausgelegte Fl\u00e4che m\u00b2<\/td>\n<td>17<\/td>\n<td>20<\/td>\n<td>23<\/td>\n<\/tr>\n<tr>\n<td>ausgelegte Spannweite m<\/td>\n<td>9,44<\/td>\n<td>10,06<\/td>\n<td>10,98<\/td>\n<\/tr>\n<tr>\n<td>ausgelegte Streckung<\/td>\n<td>5,24<\/td>\n<td>5,24<\/td>\n<td>5,24<\/td>\n<\/tr>\n<tr>\n<td>&nbsp;<\/td>\n<td>&nbsp;<\/td>\n<td>&nbsp;<\/td>\n<td>&nbsp;<\/td>\n<\/tr>\n<tr>\n<td>projizierte Fl\u00e4che m\u00b2<\/td>\n<td>14,23<\/td>\n<td>16,17<\/td>\n<td>19,25<\/td>\n<\/tr>\n<tr>\n<td>projizierte Spannweite m<\/td>\n<td>7,38<\/td>\n<td>7,87<\/td>\n<td>8,59<\/td>\n<\/tr>\n<tr>\n<td>projizierte Streckung<\/td>\n<td>3,83<\/td>\n<td>3,83<\/td>\n<td>3,83<\/td>\n<\/tr>\n<tr>\n<td>&nbsp;<\/td>\n<td>&nbsp;<\/td>\n<td>&nbsp;<\/td>\n<td>&nbsp;<\/td>\n<\/tr>\n<tr>\n<td>Gewicht kg<\/td>\n<td>1,9<\/td>\n<td>2,1<\/td>\n<td>2,3<\/td>\n<\/tr>\n<tr>\n<td>Zul\u00e4ssiges Startgewicht kg<\/td>\n<td>65-90<\/td>\n<td>70-100<\/td>\n<td>90-120<\/td>\n<\/tr>\n<tr>\n<td>Zulassung<\/td>\n<td>EN\/LTF B<\/td>\n<td>EN\/LTF B<\/td>\n<td>EN\/LTF B<\/td>\n<\/tr>\n<tr>\n<td colspan=\"4\"><em>&nbsp;<img loading=\"lazy\" decoding=\"async\" width=\"300\" height=\"225\" class=\"size-medium wp-image-3656 alignleft\" alt=\"\" src=\"https:\/\/www.motorschirm-flugcenter.de\/wp-content\/uploads\/2017\/12\/Gr\u00f6\u00dfen\u00e4nderung-P1060821-300x225.jpg\" srcset=\"https:\/\/www.motorschirm-flugcenter.de\/wp-content\/uploads\/2017\/12\/Gr\u00f6\u00dfen\u00e4nderung-P1060821-300x225.jpg 300w, https:\/\/www.motorschirm-flugcenter.de\/wp-content\/uploads\/2017\/12\/Gr\u00f6\u00dfen\u00e4nderung-P1060821-768x576.jpg 768w, https:\/\/www.motorschirm-flugcenter.de\/wp-content\/uploads\/2017\/12\/Gr\u00f6\u00dfen\u00e4nderung-P1060821-1024x768.jpg 1024w, https:\/\/www.motorschirm-flugcenter.de\/wp-content\/uploads\/2017\/12\/Gr\u00f6\u00dfen\u00e4nderung-P1060821.jpg 1280w\" sizes=\"auto, (max-width: 300px) 100vw, 300px\" \/><\/em><em>Im Vergleich Geronimo Gr. M links, <\/em><em>Tensing Gr. L rechts, <\/em>Gewicht nur 2,3 Kg.<\/p>\n<p>Super Flugeigenschaften, startet fast von alleine, selbst bei ganz wenig Wind steht er wie eine Eins.<\/p>\n<p>Erstflug M\u00e4rz 2018 in Spanien, keine Risse, Verschmutzung&#8230;<\/p>\n<h2>Absolut Neuwertiger Vorf\u00fchrschirm zum kleinen Preis<\/h2>\n<h2>Abverkaufspreis Vorf\u00fchrschirm ca. 10 Fl\u00fcge: nur 1990,00 \u20ac<\/h2>\n<p>&nbsp;<\/td>\n<\/tr>\n<\/tbody>\n<\/table>\n","protected":false},"excerpt":{"rendered":"<p>Leichtschirm Tensing 23 Der leichte und robuste Einfachsegler Tensing ist schon durch sein geringes Packvolumen und Gewicht ein idealer Begleiter im Gebirge. Zum einen \u00f6ffnet er so Piloten ganz neue <span class=\"readmore\"><a href=\"https:\/\/www.motorschirm-flugcenter.de\/?page_id=3820\">Read More &#8230;<\/a><\/span><\/p>\n","protected":false},"author":2,"featured_media":0,"parent":14,"menu_order":5,"comment_status":"closed","ping_status":"closed","template":"","meta":{"ngg_post_thumbnail":0,"footnotes":""},"class_list":["post-3820","page","type-page","status-publish","hentry"],"_links":{"self":[{"href":"https:\/\/www.motorschirm-flugcenter.de\/index.php?rest_route=\/wp\/v2\/pages\/3820","targetHints":{"allow":["GET"]}}],"collection":[{"href":"https:\/\/www.motorschirm-flugcenter.de\/index.php?rest_route=\/wp\/v2\/pages"}],"about":[{"href":"https:\/\/www.motorschirm-flugcenter.de\/index.php?rest_route=\/wp\/v2\/types\/page"}],"author":[{"embeddable":true,"href":"https:\/\/www.motorschirm-flugcenter.de\/index.php?rest_route=\/wp\/v2\/users\/2"}],"replies":[{"embeddable":true,"href":"https:\/\/www.motorschirm-flugcenter.de\/index.php?rest_route=%2Fwp%2Fv2%2Fcomments&post=3820"}],"version-history":[{"count":4,"href":"https:\/\/www.motorschirm-flugcenter.de\/index.php?rest_route=\/wp\/v2\/pages\/3820\/revisions"}],"predecessor-version":[{"id":3826,"href":"https:\/\/www.motorschirm-flugcenter.de\/index.php?rest_route=\/wp\/v2\/pages\/3820\/revisions\/3826"}],"up":[{"embeddable":true,"href":"https:\/\/www.motorschirm-flugcenter.de\/index.php?rest_route=\/wp\/v2\/pages\/14"}],"wp:attachment":[{"href":"https:\/\/www.motorschirm-flugcenter.de\/index.php?rest_route=%2Fwp%2Fv2%2Fmedia&parent=3820"}],"curies":[{"name":"wp","href":"https:\/\/api.w.org\/{rel}","templated":true}]}}