{"id":3908,"date":"2019-01-30T22:03:47","date_gmt":"2019-01-30T21:03:47","guid":{"rendered":"https:\/\/www.motorschirm-flugcenter.de\/?page_id=3908"},"modified":"2019-01-30T22:14:58","modified_gmt":"2019-01-30T21:14:58","slug":"vorfuehrgeraet-geronimo%c2%b2-gewichtsoptimierter-xc-intermediate-ltf-en-b","status":"publish","type":"page","link":"https:\/\/www.motorschirm-flugcenter.de\/?page_id=3908","title":{"rendered":"Vorf\u00fchrger\u00e4t: Geronimo\u00b2 &#8211; Gewichtsoptimierter XC-Intermediate LTF\/EN B"},"content":{"rendered":"<h3 style=\"text-align: left;\">Wir bieten unseren Vorf\u00fchrschirm Geronimo\u00b2 in Gr\u00f6\u00dfe M-27, zum Abverkauf an.<\/h3>\n<h3><img loading=\"lazy\" decoding=\"async\" width=\"500\" height=\"473\" class=\"aligncenter wp-image-3912 size-full\" alt=\"\" src=\"https:\/\/www.motorschirm-flugcenter.de\/wp-content\/uploads\/2019\/01\/Geronimo3.jpg\" srcset=\"https:\/\/www.motorschirm-flugcenter.de\/wp-content\/uploads\/2019\/01\/Geronimo3.jpg 500w, https:\/\/www.motorschirm-flugcenter.de\/wp-content\/uploads\/2019\/01\/Geronimo3-300x284.jpg 300w\" sizes=\"auto, (max-width: 500px) 100vw, 500px\" \/><\/h3>\n<h3 style=\"text-align: left;\">Der&nbsp;Schirm wurde nur bei trockenem Wetter vorgef\u00fchrt, er hat noch keine 10 Fl\u00fcge und ist absolut Neuwertig, Erstflug M\u00e4rz 2018 in Spanien.<\/h3>\n<h3>Abverkaufspreis: 2.190,&#8211;\u20ac<\/h3>\n<p>f\u00fcr mehr INFO meldet Euch bei uns per Mail oder telefonisch!<\/p>\n<h3 style=\"text-align: center;\">&nbsp;<\/h3>\n<p><span style=\"display: inline !important; float: none; background-color: transparent; color: #333333; font-family: 'canada-type-gibson',sans-serif; font-size: 16px; font-style: normal; font-variant: normal; font-weight: 300; letter-spacing: normal; orphans: 2; text-align: left; text-decoration: none; text-indent: 0px; text-transform: none; -webkit-text-stroke-width: 0px; white-space: normal; word-spacing: 2px;\">High-Level LTF\/EN B mit dem Leistungspotential fu\u0308r gro\u00dfe Strecken. Durch die optimale Balance aus hoher Gleitleistung und gro\u00dfem Geschwindigkeitsbereich bei gleichzeitig feinem, erstklassigen Handling, erschlie\u00dft der Geronimo\u00b2 neue Leistungsbereiche in der B-Klasse.<\/span><\/p>\n<p>&nbsp;<\/p>\n<ul>\n<li>Leistungsstarker XC-Intermediate<\/li>\n<li>Effiziente, u\u0308bersichtlich beschriftete und farbig gestaltete Tragegurte mit 3 Ebenen<\/li>\n<li>Gewichtsoptimiertes Design<\/li>\n<li>Minimierter Leinenwiderstand und u\u0308bersichtliches Leinensetup<\/li>\n<li>Extreme Profiltreue, speziell im hohen Geschwindigkeitsbereich durch neues Design der Kunststoffst\u00e4bchen in der Anstr\u00f6mkante<\/li>\n<li>Hervorragende Starteigenschaften<\/li>\n<li>Leichtes, langlebiges Dominico D20 Gewebe<\/li>\n<\/ul>\n<p><a href=\"https:\/\/www.independence.aero\/de\/produkte\/gleitschirme\/geronimo2_LTF-EN_B.html\" target=\"_blank\" rel=\"noopener\">folge dem Link &nbsp; Herstellerseite f\u00fcr genau Beschreibung<\/a><\/p>\n<table>\n<tbody>\n<tr>\n<td>Gr\u00f6\u00dfe<\/td>\n<td>XS 23<\/td>\n<td>S 25<\/td>\n<td>M 27<\/td>\n<td>L 29<\/td>\n<\/tr>\n<tr>\n<td>Zellenanzahl<\/td>\n<td>59<\/td>\n<td>59<\/td>\n<td>59<\/td>\n<td>59<\/td>\n<\/tr>\n<tr>\n<td>Fl\u00e4che ausgelegt (m\u00b2)<\/td>\n<td>23<\/td>\n<td>25<\/td>\n<td>27<\/td>\n<td>29<\/td>\n<\/tr>\n<tr>\n<td>Fl\u00e4che projiziert (m\u00b2)<\/td>\n<td>19,37<\/td>\n<td>21,06<\/td>\n<td>22,74<\/td>\n<td>24,43<\/td>\n<\/tr>\n<tr>\n<td>Spannweite ausgelegt (m)<\/td>\n<td>11,33<\/td>\n<td>11,81<\/td>\n<td>12,27<\/td>\n<td>12,72<\/td>\n<\/tr>\n<tr>\n<td>Streckung ausgelegt<\/td>\n<td>5,58<\/td>\n<td>5,58<\/td>\n<td>5,58<\/td>\n<td>5,58<\/td>\n<\/tr>\n<tr>\n<td>&nbsp;<\/td>\n<td>&nbsp;<\/td>\n<td>&nbsp;<\/td>\n<td>&nbsp;<\/td>\n<td>&nbsp;<\/td>\n<\/tr>\n<tr>\n<td>Trimmgeschwindigkeit (km\/h)<\/td>\n<td>38 +\/- 1<\/td>\n<td>38 +\/- 1<\/td>\n<td>38 +\/- 1<\/td>\n<td>38 +\/- 1<\/td>\n<\/tr>\n<tr>\n<td>Maximale Geschwindigkeit (km\/h)<\/td>\n<td>52 +\/- 2<\/td>\n<td>52 +\/- 2<\/td>\n<td>52 +\/- 2<\/td>\n<td>52 +\/- 2<\/td>\n<\/tr>\n<tr>\n<td>&nbsp;<\/td>\n<td>&nbsp;<\/td>\n<td>&nbsp;<\/td>\n<td>&nbsp;<\/td>\n<td>&nbsp;<\/td>\n<\/tr>\n<tr>\n<td>Gewichtsbereich (kg)<\/td>\n<td>55 &#8211; 80<\/td>\n<td>65 &#8211; 90<\/td>\n<td>80 &#8211; 105<\/td>\n<td>95 &#8211; 120<\/td>\n<\/tr>\n<tr>\n<td>&nbsp;<\/td>\n<td>&nbsp;<\/td>\n<td>&nbsp;<\/td>\n<td>&nbsp;<\/td>\n<td>&nbsp;<\/td>\n<\/tr>\n<tr>\n<td>Zulassungskategorie (EN und LTF)<\/td>\n<td>B<\/td>\n<td>B<\/td>\n<td>B<\/td>\n<td>B<\/td>\n<\/tr>\n<\/tbody>\n<\/table>\n","protected":false},"excerpt":{"rendered":"<p>Wir bieten unseren Vorf\u00fchrschirm Geronimo\u00b2 in Gr\u00f6\u00dfe M-27, zum Abverkauf an. Der&nbsp;Schirm wurde nur bei trockenem Wetter vorgef\u00fchrt, er hat noch keine 10 Fl\u00fcge und ist absolut Neuwertig, Erstflug M\u00e4rz <span class=\"readmore\"><a href=\"https:\/\/www.motorschirm-flugcenter.de\/?page_id=3908\">Read More &#8230;<\/a><\/span><\/p>\n","protected":false},"author":2,"featured_media":0,"parent":0,"menu_order":0,"comment_status":"closed","ping_status":"closed","template":"","meta":{"ngg_post_thumbnail":0,"footnotes":""},"class_list":["post-3908","page","type-page","status-publish","hentry"],"_links":{"self":[{"href":"https:\/\/www.motorschirm-flugcenter.de\/index.php?rest_route=\/wp\/v2\/pages\/3908","targetHints":{"allow":["GET"]}}],"collection":[{"href":"https:\/\/www.motorschirm-flugcenter.de\/index.php?rest_route=\/wp\/v2\/pages"}],"about":[{"href":"https:\/\/www.motorschirm-flugcenter.de\/index.php?rest_route=\/wp\/v2\/types\/page"}],"author":[{"embeddable":true,"href":"https:\/\/www.motorschirm-flugcenter.de\/index.php?rest_route=\/wp\/v2\/users\/2"}],"replies":[{"embeddable":true,"href":"https:\/\/www.motorschirm-flugcenter.de\/index.php?rest_route=%2Fwp%2Fv2%2Fcomments&post=3908"}],"version-history":[{"count":3,"href":"https:\/\/www.motorschirm-flugcenter.de\/index.php?rest_route=\/wp\/v2\/pages\/3908\/revisions"}],"predecessor-version":[{"id":3914,"href":"https:\/\/www.motorschirm-flugcenter.de\/index.php?rest_route=\/wp\/v2\/pages\/3908\/revisions\/3914"}],"wp:attachment":[{"href":"https:\/\/www.motorschirm-flugcenter.de\/index.php?rest_route=%2Fwp%2Fv2%2Fmedia&parent=3908"}],"curies":[{"name":"wp","href":"https:\/\/api.w.org\/{rel}","templated":true}]}}