{"id":3951,"date":"2019-01-31T00:00:38","date_gmt":"2019-01-30T23:00:38","guid":{"rendered":"https:\/\/www.motorschirm-flugcenter.de\/?page_id=3951"},"modified":"2019-01-31T00:33:18","modified_gmt":"2019-01-30T23:33:18","slug":"propeller-bei-uns-bekommst-du-den-richtigen-helix-carbon-prop","status":"publish","type":"page","link":"https:\/\/www.motorschirm-flugcenter.de\/?page_id=3951","title":{"rendered":"Propeller &#8211; Bei uns bekommst du den Richtigen &#8211; Helix Carbon Propeller"},"content":{"rendered":"<h2>Bei uns bekommst du den passenden Propeller f\u00fcr Deinen Motor.<img loading=\"lazy\" decoding=\"async\" width=\"268\" height=\"236\" class=\"wp-image-3958 alignleft\" style=\"background-color: transparent; color: #777777; display: block; float: left; font-family: &amp;quot; istok web&amp;quot;,sans-serif; font-size: 16px; font-style: normal; font-variant: normal; font-weight: 400; height: 235.84px; letter-spacing: normal; max-width: 700px; orphans: 2; outline-color: #72777c; outline-style: solid; outline-width: 1px; text-align: left; text-decoration: none; text-indent: 0px; text-transform: none; -webkit-text-stroke-width: 0px; white-space: normal; word-spacing: 0px; margin: 0px 18px 18px 0px;\" alt=\"\" src=\"https:\/\/www.motorschirm-flugcenter.de\/wp-content\/uploads\/2019\/01\/H30F_130_R_EZ_4_small_200x200-150x132.jpg\"><\/h2>\n<p>Wir f\u00fchren Helix-Carbon-Propeller.<\/p>\n<p>2-Blatt, 3-Blatt, 4-Blatt, rechts, links drehend&#8230;<\/p>\n<p>Gerne unterbreiten wir Dir ein Angebot<\/p>\n<p>&nbsp;<\/p>\n<p>&nbsp;<\/p>\n<p>&nbsp;<\/p>\n<p><img loading=\"lazy\" decoding=\"async\" width=\"840\" height=\"473\" class=\"aligncenter wp-image-3964 size-large\" alt=\"\" src=\"https:\/\/www.motorschirm-flugcenter.de\/wp-content\/uploads\/2019\/01\/50770276_2508361165873129_5193362518885531648_o-1024x576.jpg\" srcset=\"https:\/\/www.motorschirm-flugcenter.de\/wp-content\/uploads\/2019\/01\/50770276_2508361165873129_5193362518885531648_o-1024x576.jpg 1024w, https:\/\/www.motorschirm-flugcenter.de\/wp-content\/uploads\/2019\/01\/50770276_2508361165873129_5193362518885531648_o-300x169.jpg 300w, https:\/\/www.motorschirm-flugcenter.de\/wp-content\/uploads\/2019\/01\/50770276_2508361165873129_5193362518885531648_o-768x432.jpg 768w, https:\/\/www.motorschirm-flugcenter.de\/wp-content\/uploads\/2019\/01\/50770276_2508361165873129_5193362518885531648_o.jpg 2016w\" sizes=\"auto, (max-width: 840px) 100vw, 840px\" \/><br \/>\n<img loading=\"lazy\" decoding=\"async\" width=\"1280\" height=\"960\" class=\"aligncenter wp-image-329 size-full\" alt=\"\" src=\"https:\/\/www.motorschirm-flugcenter.de\/wp-content\/uploads\/2016\/08\/Gr\u00f6\u00dfen\u00e4nderung-P1050176-1.jpg\" srcset=\"https:\/\/www.motorschirm-flugcenter.de\/wp-content\/uploads\/2016\/08\/Gr\u00f6\u00dfen\u00e4nderung-P1050176-1.jpg 1280w, https:\/\/www.motorschirm-flugcenter.de\/wp-content\/uploads\/2016\/08\/Gr\u00f6\u00dfen\u00e4nderung-P1050176-1-300x225.jpg 300w, https:\/\/www.motorschirm-flugcenter.de\/wp-content\/uploads\/2016\/08\/Gr\u00f6\u00dfen\u00e4nderung-P1050176-1-768x576.jpg 768w, https:\/\/www.motorschirm-flugcenter.de\/wp-content\/uploads\/2016\/08\/Gr\u00f6\u00dfen\u00e4nderung-P1050176-1-1024x768.jpg 1024w\" sizes=\"auto, (max-width: 1280px) 100vw, 1280px\" \/><\/p>\n","protected":false},"excerpt":{"rendered":"<p>Bei uns bekommst du den passenden Propeller f\u00fcr Deinen Motor. Wir f\u00fchren Helix-Carbon-Propeller. 2-Blatt, 3-Blatt, 4-Blatt, rechts, links drehend&#8230; Gerne unterbreiten wir Dir ein Angebot &nbsp; &nbsp; &nbsp;<\/p>\n","protected":false},"author":2,"featured_media":0,"parent":0,"menu_order":0,"comment_status":"closed","ping_status":"closed","template":"","meta":{"ngg_post_thumbnail":0,"footnotes":""},"class_list":["post-3951","page","type-page","status-publish","hentry"],"_links":{"self":[{"href":"https:\/\/www.motorschirm-flugcenter.de\/index.php?rest_route=\/wp\/v2\/pages\/3951","targetHints":{"allow":["GET"]}}],"collection":[{"href":"https:\/\/www.motorschirm-flugcenter.de\/index.php?rest_route=\/wp\/v2\/pages"}],"about":[{"href":"https:\/\/www.motorschirm-flugcenter.de\/index.php?rest_route=\/wp\/v2\/types\/page"}],"author":[{"embeddable":true,"href":"https:\/\/www.motorschirm-flugcenter.de\/index.php?rest_route=\/wp\/v2\/users\/2"}],"replies":[{"embeddable":true,"href":"https:\/\/www.motorschirm-flugcenter.de\/index.php?rest_route=%2Fwp%2Fv2%2Fcomments&post=3951"}],"version-history":[{"count":6,"href":"https:\/\/www.motorschirm-flugcenter.de\/index.php?rest_route=\/wp\/v2\/pages\/3951\/revisions"}],"predecessor-version":[{"id":3965,"href":"https:\/\/www.motorschirm-flugcenter.de\/index.php?rest_route=\/wp\/v2\/pages\/3951\/revisions\/3965"}],"wp:attachment":[{"href":"https:\/\/www.motorschirm-flugcenter.de\/index.php?rest_route=%2Fwp%2Fv2%2Fmedia&parent=3951"}],"curies":[{"name":"wp","href":"https:\/\/api.w.org\/{rel}","templated":true}]}}