{"id":3994,"date":"2019-01-31T14:00:18","date_gmt":"2019-01-31T13:00:18","guid":{"rendered":"https:\/\/www.motorschirm-flugcenter.de\/?page_id=3994"},"modified":"2019-01-31T19:51:08","modified_gmt":"2019-01-31T18:51:08","slug":"spanien-januar-2019","status":"publish","type":"page","link":"https:\/\/www.motorschirm-flugcenter.de\/?page_id=3994","title":{"rendered":"Spanien Januar 2019"},"content":{"rendered":"<h2>Fliegen bei besten Wetter Anfang Januar 2019<\/h2>\n<p><img loading=\"lazy\" decoding=\"async\" width=\"2016\" height=\"1134\" class=\"aligncenter wp-image-3995 size-full\" alt=\"\" src=\"https:\/\/www.motorschirm-flugcenter.de\/wp-content\/uploads\/2019\/01\/Gr\u00f6\u00dfen\u00e4nderung-20181224_075930.jpg\" srcset=\"https:\/\/www.motorschirm-flugcenter.de\/wp-content\/uploads\/2019\/01\/Gr\u00f6\u00dfen\u00e4nderung-20181224_075930.jpg 2016w, https:\/\/www.motorschirm-flugcenter.de\/wp-content\/uploads\/2019\/01\/Gr\u00f6\u00dfen\u00e4nderung-20181224_075930-300x169.jpg 300w, https:\/\/www.motorschirm-flugcenter.de\/wp-content\/uploads\/2019\/01\/Gr\u00f6\u00dfen\u00e4nderung-20181224_075930-768x432.jpg 768w, https:\/\/www.motorschirm-flugcenter.de\/wp-content\/uploads\/2019\/01\/Gr\u00f6\u00dfen\u00e4nderung-20181224_075930-1024x576.jpg 1024w\" sizes=\"auto, (max-width: 2016px) 100vw, 2016px\" \/>Heute wird ein guter Flugtag, auf geht&#8217;s zum Motorfliegen<\/p>\n<figure id=\"attachment_4000\" aria-describedby=\"caption-attachment-4000\" style=\"width: 840px\" class=\"wp-caption alignleft\"><img loading=\"lazy\" decoding=\"async\" width=\"840\" height=\"473\" class=\"wp-image-4000 size-large\" alt=\"\" src=\"https:\/\/www.motorschirm-flugcenter.de\/wp-content\/uploads\/2019\/01\/Gr\u00f6\u00dfen\u00e4nderung-20190106_121033-1024x576.jpg\" srcset=\"https:\/\/www.motorschirm-flugcenter.de\/wp-content\/uploads\/2019\/01\/Gr\u00f6\u00dfen\u00e4nderung-20190106_121033-1024x576.jpg 1024w, https:\/\/www.motorschirm-flugcenter.de\/wp-content\/uploads\/2019\/01\/Gr\u00f6\u00dfen\u00e4nderung-20190106_121033-300x169.jpg 300w, https:\/\/www.motorschirm-flugcenter.de\/wp-content\/uploads\/2019\/01\/Gr\u00f6\u00dfen\u00e4nderung-20190106_121033-768x432.jpg 768w, https:\/\/www.motorschirm-flugcenter.de\/wp-content\/uploads\/2019\/01\/Gr\u00f6\u00dfen\u00e4nderung-20190106_121033.jpg 2016w\" sizes=\"auto, (max-width: 840px) 100vw, 840px\" \/><figcaption id=\"caption-attachment-4000\" class=\"wp-caption-text\">Trike raus, aufladen und los gehts<\/figcaption><\/figure>\n<figure id=\"attachment_3998\" aria-describedby=\"caption-attachment-3998\" style=\"width: 508px\" class=\"wp-caption alignright\"><img loading=\"lazy\" decoding=\"async\" width=\"508\" height=\"169\" class=\"wp-image-3998 \" style=\"outline: #72777c solid 1px; height: 286px; text-align: left; color: #777777; text-transform: none; text-indent: 0px; letter-spacing: normal; font-size: 16px; font-style: normal; font-variant: normal; font-weight: 400; text-decoration: none; word-spacing: 0px; white-space: normal; max-width: 700px; orphans: 2; -webkit-text-stroke-width: 0px; background-color: transparent;\" alt=\"\" src=\"https:\/\/www.motorschirm-flugcenter.de\/wp-content\/uploads\/2019\/01\/Gr\u00f6\u00dfen\u00e4nderung-20181231_164646-300x169.jpg\"><figcaption id=\"caption-attachment-3998\" class=\"wp-caption-text\">fast kein Wind, fast keine Thermik, auf auf und davon<\/figcaption><\/figure>\n<figure id=\"attachment_3999\" aria-describedby=\"caption-attachment-3999\" style=\"width: 300px\" class=\"wp-caption alignnone\"><img loading=\"lazy\" decoding=\"async\" width=\"300\" height=\"169\" class=\"wp-image-3999 size-medium\" style=\"background-color: transparent; color: #777777; font-family: &amp;quot; istok web&amp;quot;,sans-serif; font-size: 16px; font-style: normal; font-variant: normal; font-weight: 400; height: 169px; letter-spacing: normal; max-width: 700px; orphans: 2; outline-color: #72777c; outline-style: solid; outline-width: 1px; text-align: left; text-decoration: none; text-indent: 0px; text-transform: none; -webkit-text-stroke-width: 0px; white-space: normal; word-spacing: 0px;\" alt=\"\" src=\"https:\/\/www.motorschirm-flugcenter.de\/wp-content\/uploads\/2019\/01\/Gr\u00f6\u00dfen\u00e4nderung-20190105_194315-300x169.jpg\" srcset=\"https:\/\/www.motorschirm-flugcenter.de\/wp-content\/uploads\/2019\/01\/Gr\u00f6\u00dfen\u00e4nderung-20190105_194315-300x169.jpg 300w, https:\/\/www.motorschirm-flugcenter.de\/wp-content\/uploads\/2019\/01\/Gr\u00f6\u00dfen\u00e4nderung-20190105_194315-768x432.jpg 768w, https:\/\/www.motorschirm-flugcenter.de\/wp-content\/uploads\/2019\/01\/Gr\u00f6\u00dfen\u00e4nderung-20190105_194315-1024x576.jpg 1024w, https:\/\/www.motorschirm-flugcenter.de\/wp-content\/uploads\/2019\/01\/Gr\u00f6\u00dfen\u00e4nderung-20190105_194315.jpg 2016w\" sizes=\"auto, (max-width: 300px) 100vw, 300px\" \/><figcaption id=\"caption-attachment-3999\" class=\"wp-caption-text\">war ein geiler Flug, jetzt kommt Chris dran, der kanns schon fast nicht abwarten<\/figcaption><\/figure>\n","protected":false},"excerpt":{"rendered":"<p>Fliegen bei besten Wetter Anfang Januar 2019 Heute wird ein guter Flugtag, auf geht&#8217;s zum Motorfliegen<\/p>\n","protected":false},"author":2,"featured_media":0,"parent":33,"menu_order":0,"comment_status":"closed","ping_status":"closed","template":"","meta":{"ngg_post_thumbnail":0,"footnotes":""},"class_list":["post-3994","page","type-page","status-publish","hentry"],"_links":{"self":[{"href":"https:\/\/www.motorschirm-flugcenter.de\/index.php?rest_route=\/wp\/v2\/pages\/3994","targetHints":{"allow":["GET"]}}],"collection":[{"href":"https:\/\/www.motorschirm-flugcenter.de\/index.php?rest_route=\/wp\/v2\/pages"}],"about":[{"href":"https:\/\/www.motorschirm-flugcenter.de\/index.php?rest_route=\/wp\/v2\/types\/page"}],"author":[{"embeddable":true,"href":"https:\/\/www.motorschirm-flugcenter.de\/index.php?rest_route=\/wp\/v2\/users\/2"}],"replies":[{"embeddable":true,"href":"https:\/\/www.motorschirm-flugcenter.de\/index.php?rest_route=%2Fwp%2Fv2%2Fcomments&post=3994"}],"version-history":[{"count":3,"href":"https:\/\/www.motorschirm-flugcenter.de\/index.php?rest_route=\/wp\/v2\/pages\/3994\/revisions"}],"predecessor-version":[{"id":4002,"href":"https:\/\/www.motorschirm-flugcenter.de\/index.php?rest_route=\/wp\/v2\/pages\/3994\/revisions\/4002"}],"up":[{"embeddable":true,"href":"https:\/\/www.motorschirm-flugcenter.de\/index.php?rest_route=\/wp\/v2\/pages\/33"}],"wp:attachment":[{"href":"https:\/\/www.motorschirm-flugcenter.de\/index.php?rest_route=%2Fwp%2Fv2%2Fmedia&parent=3994"}],"curies":[{"name":"wp","href":"https:\/\/api.w.org\/{rel}","templated":true}]}}