{"id":40,"date":"2016-08-19T17:37:38","date_gmt":"2016-08-19T15:37:38","guid":{"rendered":"https:\/\/www.motorschirm-flugcenter.de\/?page_id=40"},"modified":"2021-02-11T19:13:51","modified_gmt":"2021-02-11T18:13:51","slug":"kontakt","status":"publish","type":"page","link":"https:\/\/www.motorschirm-flugcenter.de\/?page_id=40","title":{"rendered":"Kontakt"},"content":{"rendered":"<h1>&nbsp;<\/h1>\n<h2>so sind wir erreichbar:<\/h2>\n<p>e-Mail an:<br \/>\nmotorschirm-flugcenter-aumueller@web.de<\/p>\n<p>oder:<\/p>\n<p>Motorschirm- Flugcenter Aum\u00fcller<br \/>\nAm Teich 2<br \/>\nD-96242 Sonnefeld \/ Gestungshausen, Bayern<\/p>\n<p>GESCH\u00c4FTSZEITEN NUR NACH VEREINBARUNG<\/p>\n<p>F\u00fcr Anfragen Tags\u00fcber:<\/p>\n<p>Mobil: 0163 479 5330&nbsp; &nbsp; &nbsp; &nbsp; &nbsp; &nbsp; &nbsp; &nbsp; &nbsp; &nbsp; &nbsp; &nbsp; &nbsp; &nbsp; &nbsp; &nbsp; &nbsp; &nbsp; &nbsp; &nbsp; &nbsp; &nbsp; &nbsp; &nbsp; &nbsp; &nbsp; &nbsp; &nbsp; &nbsp; &nbsp; &nbsp; &nbsp; &nbsp; &nbsp; &nbsp; &nbsp; &nbsp; &nbsp; &nbsp; &nbsp; &nbsp; &nbsp; &nbsp; &nbsp; &nbsp; &nbsp; &nbsp; &nbsp; &nbsp;(wenn nicht erreichbar, bitte auf die Mailbox sprechen wir rufen zur\u00fcck. Danke)<br \/>\nTelefon: 09266-9928-32<br \/>\nFax:&nbsp; 09266-9928-31<\/p>\n","protected":false},"excerpt":{"rendered":"<p>&nbsp; so sind wir erreichbar: e-Mail an: motorschirm-flugcenter-aumueller@web.de oder: Motorschirm- Flugcenter Aum\u00fcller Am Teich 2 D-96242 Sonnefeld \/ Gestungshausen, Bayern GESCH\u00c4FTSZEITEN NUR NACH VEREINBARUNG F\u00fcr Anfragen Tags\u00fcber: Mobil: 0163 479 <span class=\"readmore\"><a href=\"https:\/\/www.motorschirm-flugcenter.de\/?page_id=40\">Read More &#8230;<\/a><\/span><\/p>\n","protected":false},"author":1,"featured_media":0,"parent":0,"menu_order":0,"comment_status":"closed","ping_status":"closed","template":"","meta":{"ngg_post_thumbnail":0,"footnotes":""},"class_list":["post-40","page","type-page","status-publish","hentry"],"_links":{"self":[{"href":"https:\/\/www.motorschirm-flugcenter.de\/index.php?rest_route=\/wp\/v2\/pages\/40","targetHints":{"allow":["GET"]}}],"collection":[{"href":"https:\/\/www.motorschirm-flugcenter.de\/index.php?rest_route=\/wp\/v2\/pages"}],"about":[{"href":"https:\/\/www.motorschirm-flugcenter.de\/index.php?rest_route=\/wp\/v2\/types\/page"}],"author":[{"embeddable":true,"href":"https:\/\/www.motorschirm-flugcenter.de\/index.php?rest_route=\/wp\/v2\/users\/1"}],"replies":[{"embeddable":true,"href":"https:\/\/www.motorschirm-flugcenter.de\/index.php?rest_route=%2Fwp%2Fv2%2Fcomments&post=40"}],"version-history":[{"count":7,"href":"https:\/\/www.motorschirm-flugcenter.de\/index.php?rest_route=\/wp\/v2\/pages\/40\/revisions"}],"predecessor-version":[{"id":4450,"href":"https:\/\/www.motorschirm-flugcenter.de\/index.php?rest_route=\/wp\/v2\/pages\/40\/revisions\/4450"}],"wp:attachment":[{"href":"https:\/\/www.motorschirm-flugcenter.de\/index.php?rest_route=%2Fwp%2Fv2%2Fmedia&parent=40"}],"curies":[{"name":"wp","href":"https:\/\/api.w.org\/{rel}","templated":true}]}}