{"id":4049,"date":"2019-01-31T14:46:23","date_gmt":"2019-01-31T13:46:23","guid":{"rendered":"https:\/\/www.motorschirm-flugcenter.de\/?page_id=4049"},"modified":"2019-01-31T19:51:08","modified_gmt":"2019-01-31T18:51:08","slug":"zu-gast-in-schweinfurt-und-burgebrach-mit-dem-moschi","status":"publish","type":"page","link":"https:\/\/www.motorschirm-flugcenter.de\/?page_id=4049","title":{"rendered":"zu Gast in Schweinfurt und Burgebrach mit dem MOSCHI"},"content":{"rendered":"<p>Alle Jahre wieder folgen wir gerne der Einladung unserer Moschi-Freunde aus Schweinfurt. Unser Leesoarer organisiert immer alles mit seinen Mannen das es besser nicht geht.<\/p>\n<p>&#8230;und wie immer fliegen wir gemeinsam zum Fr\u00fchst\u00fccken nach Burgebrach. Leute die k\u00f6nnen ein Fr\u00fchst\u00fcck machen, haha, da fehlts an nichts. Danke an Euch und den herzlichen Empfang.<br \/>\n<img loading=\"lazy\" decoding=\"async\" width=\"1280\" height=\"960\" class=\"aligncenter wp-image-4074 size-full\" alt=\"\" src=\"https:\/\/www.motorschirm-flugcenter.de\/wp-content\/uploads\/2019\/01\/Gr\u00f6\u00dfen\u00e4nderung-P1050195.jpg\" srcset=\"https:\/\/www.motorschirm-flugcenter.de\/wp-content\/uploads\/2019\/01\/Gr\u00f6\u00dfen\u00e4nderung-P1050195.jpg 1280w, https:\/\/www.motorschirm-flugcenter.de\/wp-content\/uploads\/2019\/01\/Gr\u00f6\u00dfen\u00e4nderung-P1050195-300x225.jpg 300w, https:\/\/www.motorschirm-flugcenter.de\/wp-content\/uploads\/2019\/01\/Gr\u00f6\u00dfen\u00e4nderung-P1050195-768x576.jpg 768w, https:\/\/www.motorschirm-flugcenter.de\/wp-content\/uploads\/2019\/01\/Gr\u00f6\u00dfen\u00e4nderung-P1050195-1024x768.jpg 1024w\" sizes=\"auto, (max-width: 1280px) 100vw, 1280px\" \/><\/p>\n<p>&nbsp;<\/p>\nngg_shortcode_0_placeholder\n<p>&nbsp;<\/p>\n<p>&nbsp;<\/p>\n<p>&nbsp;<\/p>\n<p>&nbsp;<\/p>\n<p>&nbsp;<\/p>\n<p>&nbsp;<\/p>\n<p>&nbsp;<\/p>\n<p>#<\/p>\n<p>&nbsp;<\/p>\n","protected":false},"excerpt":{"rendered":"<p>Alle Jahre wieder folgen wir gerne der Einladung unserer Moschi-Freunde aus Schweinfurt. Unser Leesoarer organisiert immer alles mit seinen Mannen das es besser nicht geht. &#8230;und wie immer fliegen wir <span class=\"readmore\"><a href=\"https:\/\/www.motorschirm-flugcenter.de\/?page_id=4049\">Read More &#8230;<\/a><\/span><\/p>\n","protected":false},"author":2,"featured_media":0,"parent":33,"menu_order":0,"comment_status":"closed","ping_status":"closed","template":"","meta":{"ngg_post_thumbnail":0,"footnotes":""},"class_list":["post-4049","page","type-page","status-publish","hentry"],"_links":{"self":[{"href":"https:\/\/www.motorschirm-flugcenter.de\/index.php?rest_route=\/wp\/v2\/pages\/4049","targetHints":{"allow":["GET"]}}],"collection":[{"href":"https:\/\/www.motorschirm-flugcenter.de\/index.php?rest_route=\/wp\/v2\/pages"}],"about":[{"href":"https:\/\/www.motorschirm-flugcenter.de\/index.php?rest_route=\/wp\/v2\/types\/page"}],"author":[{"embeddable":true,"href":"https:\/\/www.motorschirm-flugcenter.de\/index.php?rest_route=\/wp\/v2\/users\/2"}],"replies":[{"embeddable":true,"href":"https:\/\/www.motorschirm-flugcenter.de\/index.php?rest_route=%2Fwp%2Fv2%2Fcomments&post=4049"}],"version-history":[{"count":4,"href":"https:\/\/www.motorschirm-flugcenter.de\/index.php?rest_route=\/wp\/v2\/pages\/4049\/revisions"}],"predecessor-version":[{"id":4076,"href":"https:\/\/www.motorschirm-flugcenter.de\/index.php?rest_route=\/wp\/v2\/pages\/4049\/revisions\/4076"}],"up":[{"embeddable":true,"href":"https:\/\/www.motorschirm-flugcenter.de\/index.php?rest_route=\/wp\/v2\/pages\/33"}],"wp:attachment":[{"href":"https:\/\/www.motorschirm-flugcenter.de\/index.php?rest_route=%2Fwp%2Fv2%2Fmedia&parent=4049"}],"curies":[{"name":"wp","href":"https:\/\/api.w.org\/{rel}","templated":true}]}}