{"id":4079,"date":"2019-01-31T15:12:19","date_gmt":"2019-01-31T14:12:19","guid":{"rendered":"https:\/\/www.motorschirm-flugcenter.de\/?page_id=4079"},"modified":"2019-01-31T19:50:03","modified_gmt":"2019-01-31T18:50:03","slug":"fliegercamp-ebern","status":"publish","type":"page","link":"https:\/\/www.motorschirm-flugcenter.de\/?page_id=4079","title":{"rendered":"Fliegercamp Ebern 2018"},"content":{"rendered":"<h2 style=\"text-align: center;\">Immer wieder sch\u00f6n bei unseren Flugplatz in Ebern.<\/h2>\n<h2 style=\"text-align: center;\">Ein ganzes WE Fliegen, Grillen und Spa\u00df haben<\/h2>\n<p><img loading=\"lazy\" decoding=\"async\" width=\"571\" height=\"107\" class=\"wp-image-4081 aligncenter\" style=\"margin: 0px 278.5px 18px; outline: #72777c solid 1px; height: 427px; text-align: left; color: #777777; text-transform: none; text-indent: 0px; letter-spacing: normal; clear: both; font-size: 16px; font-style: normal; font-variant: normal; font-weight: 400; text-decoration: none; word-spacing: 0px; display: block; white-space: normal; max-width: 700px; orphans: 2; -webkit-text-stroke-width: 0px; background-color: transparent;\" alt=\"\" src=\"https:\/\/www.motorschirm-flugcenter.de\/wp-content\/uploads\/2019\/01\/Gr\u00f6\u00dfen\u00e4nderung-CIMG3614.jpg\"><\/p>\nngg_shortcode_0_placeholder\n","protected":false},"excerpt":{"rendered":"<p>Immer wieder sch\u00f6n bei unseren Flugplatz in Ebern. Ein ganzes WE Fliegen, Grillen und Spa\u00df haben<\/p>\n","protected":false},"author":2,"featured_media":0,"parent":33,"menu_order":0,"comment_status":"closed","ping_status":"closed","template":"","meta":{"ngg_post_thumbnail":0,"footnotes":""},"class_list":["post-4079","page","type-page","status-publish","hentry"],"_links":{"self":[{"href":"https:\/\/www.motorschirm-flugcenter.de\/index.php?rest_route=\/wp\/v2\/pages\/4079","targetHints":{"allow":["GET"]}}],"collection":[{"href":"https:\/\/www.motorschirm-flugcenter.de\/index.php?rest_route=\/wp\/v2\/pages"}],"about":[{"href":"https:\/\/www.motorschirm-flugcenter.de\/index.php?rest_route=\/wp\/v2\/types\/page"}],"author":[{"embeddable":true,"href":"https:\/\/www.motorschirm-flugcenter.de\/index.php?rest_route=\/wp\/v2\/users\/2"}],"replies":[{"embeddable":true,"href":"https:\/\/www.motorschirm-flugcenter.de\/index.php?rest_route=%2Fwp%2Fv2%2Fcomments&post=4079"}],"version-history":[{"count":8,"href":"https:\/\/www.motorschirm-flugcenter.de\/index.php?rest_route=\/wp\/v2\/pages\/4079\/revisions"}],"predecessor-version":[{"id":4132,"href":"https:\/\/www.motorschirm-flugcenter.de\/index.php?rest_route=\/wp\/v2\/pages\/4079\/revisions\/4132"}],"up":[{"embeddable":true,"href":"https:\/\/www.motorschirm-flugcenter.de\/index.php?rest_route=\/wp\/v2\/pages\/33"}],"wp:attachment":[{"href":"https:\/\/www.motorschirm-flugcenter.de\/index.php?rest_route=%2Fwp%2Fv2%2Fmedia&parent=4079"}],"curies":[{"name":"wp","href":"https:\/\/api.w.org\/{rel}","templated":true}]}}