{"id":4169,"date":"2019-02-01T12:38:21","date_gmt":"2019-02-01T11:38:21","guid":{"rendered":"https:\/\/www.motorschirm-flugcenter.de\/?page_id=4169"},"modified":"2019-02-01T12:49:47","modified_gmt":"2019-02-01T11:49:47","slug":"phazer-one-mit-250er-polini","status":"publish","type":"page","link":"https:\/\/www.motorschirm-flugcenter.de\/?page_id=4169","title":{"rendered":"Vorf\u00fchrger\u00e4t Phazer One mit 250er Polini"},"content":{"rendered":"<h6>Unser Vorf\u00fchrtrike Phazer One steht Euch zur Besichtigung gerne zur Verf\u00fcgung<\/h6>\n<h6>Probesitzen, ggf. Probeflug, Roll\u00fcbung, Vorfliegen&#8230;<\/h6>\n<p><img loading=\"lazy\" decoding=\"async\" width=\"569\" height=\"1024\" class=\"aligncenter wp-image-4172 size-large\" alt=\"\" src=\"https:\/\/www.motorschirm-flugcenter.de\/wp-content\/uploads\/2019\/02\/Drehen-von-Gr\u00f6\u00dfen\u00e4nderung-20181021_125945-569x1024.jpg\" srcset=\"https:\/\/www.motorschirm-flugcenter.de\/wp-content\/uploads\/2019\/02\/Drehen-von-Gr\u00f6\u00dfen\u00e4nderung-20181021_125945-569x1024.jpg 569w, https:\/\/www.motorschirm-flugcenter.de\/wp-content\/uploads\/2019\/02\/Drehen-von-Gr\u00f6\u00dfen\u00e4nderung-20181021_125945-167x300.jpg 167w, https:\/\/www.motorschirm-flugcenter.de\/wp-content\/uploads\/2019\/02\/Drehen-von-Gr\u00f6\u00dfen\u00e4nderung-20181021_125945-768x1382.jpg 768w, https:\/\/www.motorschirm-flugcenter.de\/wp-content\/uploads\/2019\/02\/Drehen-von-Gr\u00f6\u00dfen\u00e4nderung-20181021_125945.jpg 1120w\" sizes=\"auto, (max-width: 569px) 100vw, 569px\" \/><\/p>\n<h6>Hier mit dem Kr\u00e4ftigen 250 ccm Wassergek\u00fchlten Polini-Motor, Power pur<\/h6>\n<h6><img loading=\"lazy\" decoding=\"async\" width=\"299\" height=\"537\" class=\"alignleft wp-image-4171 \" alt=\"\" src=\"https:\/\/www.motorschirm-flugcenter.de\/wp-content\/uploads\/2019\/02\/Drehen-von-Gr\u00f6\u00dfen\u00e4nderung-20181021_130027-167x300.jpg\" srcset=\"https:\/\/www.motorschirm-flugcenter.de\/wp-content\/uploads\/2019\/02\/Drehen-von-Gr\u00f6\u00dfen\u00e4nderung-20181021_130027-167x300.jpg 167w, https:\/\/www.motorschirm-flugcenter.de\/wp-content\/uploads\/2019\/02\/Drehen-von-Gr\u00f6\u00dfen\u00e4nderung-20181021_130027-768x1382.jpg 768w, https:\/\/www.motorschirm-flugcenter.de\/wp-content\/uploads\/2019\/02\/Drehen-von-Gr\u00f6\u00dfen\u00e4nderung-20181021_130027-569x1024.jpg 569w, https:\/\/www.motorschirm-flugcenter.de\/wp-content\/uploads\/2019\/02\/Drehen-von-Gr\u00f6\u00dfen\u00e4nderung-20181021_130027.jpg 1120w\" sizes=\"auto, (max-width: 299px) 100vw, 299px\" \/>Den Abverkaufspreis bitte erfragen, Das kommt auf die Ausstattung an. Mit oder ohne Motor, Rettung, Instrumente.<\/h6>\n<h6>Gerne erstellen wir Dir Dein Angebot<\/h6>\n<p>&nbsp;<\/p>\n<p>&nbsp;<\/p>\n<p>&nbsp;<\/p>\n<p>&nbsp;<\/p>\n","protected":false},"excerpt":{"rendered":"<p>Unser Vorf\u00fchrtrike Phazer One steht Euch zur Besichtigung gerne zur Verf\u00fcgung Probesitzen, ggf. Probeflug, Roll\u00fcbung, Vorfliegen&#8230; Hier mit dem Kr\u00e4ftigen 250 ccm Wassergek\u00fchlten Polini-Motor, Power pur Den Abverkaufspreis bitte erfragen, <span class=\"readmore\"><a href=\"https:\/\/www.motorschirm-flugcenter.de\/?page_id=4169\">Read More &#8230;<\/a><\/span><\/p>\n","protected":false},"author":2,"featured_media":0,"parent":0,"menu_order":0,"comment_status":"closed","ping_status":"closed","template":"","meta":{"ngg_post_thumbnail":0,"footnotes":""},"class_list":["post-4169","page","type-page","status-publish","hentry"],"_links":{"self":[{"href":"https:\/\/www.motorschirm-flugcenter.de\/index.php?rest_route=\/wp\/v2\/pages\/4169","targetHints":{"allow":["GET"]}}],"collection":[{"href":"https:\/\/www.motorschirm-flugcenter.de\/index.php?rest_route=\/wp\/v2\/pages"}],"about":[{"href":"https:\/\/www.motorschirm-flugcenter.de\/index.php?rest_route=\/wp\/v2\/types\/page"}],"author":[{"embeddable":true,"href":"https:\/\/www.motorschirm-flugcenter.de\/index.php?rest_route=\/wp\/v2\/users\/2"}],"replies":[{"embeddable":true,"href":"https:\/\/www.motorschirm-flugcenter.de\/index.php?rest_route=%2Fwp%2Fv2%2Fcomments&post=4169"}],"version-history":[{"count":6,"href":"https:\/\/www.motorschirm-flugcenter.de\/index.php?rest_route=\/wp\/v2\/pages\/4169\/revisions"}],"predecessor-version":[{"id":4179,"href":"https:\/\/www.motorschirm-flugcenter.de\/index.php?rest_route=\/wp\/v2\/pages\/4169\/revisions\/4179"}],"wp:attachment":[{"href":"https:\/\/www.motorschirm-flugcenter.de\/index.php?rest_route=%2Fwp%2Fv2%2Fmedia&parent=4169"}],"curies":[{"name":"wp","href":"https:\/\/api.w.org\/{rel}","templated":true}]}}