{"id":4183,"date":"2019-02-01T12:56:48","date_gmt":"2019-02-01T11:56:48","guid":{"rendered":"https:\/\/www.motorschirm-flugcenter.de\/?page_id=4183"},"modified":"2023-10-08T19:17:02","modified_gmt":"2023-10-08T17:17:02","slug":"abverkauf-vorfuehrgeraete","status":"publish","type":"page","link":"https:\/\/www.motorschirm-flugcenter.de\/?page_id=4183","title":{"rendered":"Abverkauf Vorf\u00fchrger\u00e4te"},"content":{"rendered":"<h3>Abverkauf Vorf\u00fchrger\u00e4te und Ausstellungsst\u00fccke<\/h3>\n<ul>\n<li><a href=\"https:\/\/www.motorschirm-flugcenter.de\/?page_id=4169\" target=\"_blank\" rel=\"noopener\">Vorf\u00fchrger\u00e4t PHAZER 1 &#8211; Das Einsitzer-Trike,&nbsp;<\/a><\/li>\n<li><a href=\"https:\/\/www.motorschirm-flugcenter.de\/?page_id=3820\" target=\"_blank\" rel=\"noopener\">Vorf\u00fchrschirm Tensing<\/a><\/li>\n<li><a href=\"https:\/\/www.motorschirm-flugcenter.de\/?page_id=3908\" target=\"_blank\" rel=\"noopener\">Vorf\u00fchrschirm Geronimo\u00b2<\/a><\/li>\n<\/ul>\n","protected":false},"excerpt":{"rendered":"<p>Abverkauf Vorf\u00fchrger\u00e4te und Ausstellungsst\u00fccke Vorf\u00fchrger\u00e4t PHAZER 1 &#8211; Das Einsitzer-Trike,&nbsp; Vorf\u00fchrschirm Tensing Vorf\u00fchrschirm Geronimo\u00b2<\/p>\n","protected":false},"author":2,"featured_media":0,"parent":0,"menu_order":0,"comment_status":"closed","ping_status":"closed","template":"","meta":{"ngg_post_thumbnail":0,"footnotes":""},"class_list":["post-4183","page","type-page","status-publish","hentry"],"_links":{"self":[{"href":"https:\/\/www.motorschirm-flugcenter.de\/index.php?rest_route=\/wp\/v2\/pages\/4183","targetHints":{"allow":["GET"]}}],"collection":[{"href":"https:\/\/www.motorschirm-flugcenter.de\/index.php?rest_route=\/wp\/v2\/pages"}],"about":[{"href":"https:\/\/www.motorschirm-flugcenter.de\/index.php?rest_route=\/wp\/v2\/types\/page"}],"author":[{"embeddable":true,"href":"https:\/\/www.motorschirm-flugcenter.de\/index.php?rest_route=\/wp\/v2\/users\/2"}],"replies":[{"embeddable":true,"href":"https:\/\/www.motorschirm-flugcenter.de\/index.php?rest_route=%2Fwp%2Fv2%2Fcomments&post=4183"}],"version-history":[{"count":2,"href":"https:\/\/www.motorschirm-flugcenter.de\/index.php?rest_route=\/wp\/v2\/pages\/4183\/revisions"}],"predecessor-version":[{"id":4734,"href":"https:\/\/www.motorschirm-flugcenter.de\/index.php?rest_route=\/wp\/v2\/pages\/4183\/revisions\/4734"}],"wp:attachment":[{"href":"https:\/\/www.motorschirm-flugcenter.de\/index.php?rest_route=%2Fwp%2Fv2%2Fmedia&parent=4183"}],"curies":[{"name":"wp","href":"https:\/\/api.w.org\/{rel}","templated":true}]}}