{"id":4192,"date":"2019-02-01T19:06:04","date_gmt":"2019-02-01T18:06:04","guid":{"rendered":"https:\/\/www.motorschirm-flugcenter.de\/?page_id=4192"},"modified":"2025-12-20T16:15:08","modified_gmt":"2025-12-20T15:15:08","slug":"guiding-suedspanien","status":"publish","type":"page","link":"https:\/\/www.motorschirm-flugcenter.de\/?page_id=4192","title":{"rendered":"Guiding Spanien"},"content":{"rendered":"<h2>Gleitschirm und Motorschirmfliegen in Spanien &#8211;&nbsp;Rund um Alicante<\/h2>\n<h3>unsere n\u00e4chsten Flugwochen f\u00fcr Freiflieger und Motorschirm\/Trike-Piloten<\/h3>\n<h3>finden Anfang M\u00e4rz 2026 statt.<\/h3>\n<h3>Ab sofort k\u00f6nnt Ihr buchen. Gerne unterbreiten wir Euch als Einzelbetreuung oder Gruppe bis 6 Personen ein Angebot.<\/h3>\n<p>Bitte rechtzeitig anmelden. &#8211; Danke<\/p>\n<p>Buchungen per Mail unter<\/p>\n<p>motorschirm-flugcenter-aumueller@web.de<\/p>\n<p><a href=\"https:\/\/www.youtube.com\/watch?v=aqxvHsOoTpc&amp;feature=youtu.be\" target=\"_blank\" rel=\"noopener noreferrer\">Film, Tandemfliegen in el Parlomaret<\/a><\/p>\n<p>.<img loading=\"lazy\" decoding=\"async\" class=\"wp-image-800 size-large alignnone\" src=\"https:\/\/www.motorschirm-flugcenter.de\/wp-content\/uploads\/2017\/01\/Gr\u00f6\u00dfen\u00e4nderung-P1010210-1024x768.jpg\" alt=\"\" width=\"840\" height=\"630\" srcset=\"https:\/\/www.motorschirm-flugcenter.de\/wp-content\/uploads\/2017\/01\/Gr\u00f6\u00dfen\u00e4nderung-P1010210-1024x768.jpg 1024w, https:\/\/www.motorschirm-flugcenter.de\/wp-content\/uploads\/2017\/01\/Gr\u00f6\u00dfen\u00e4nderung-P1010210-300x225.jpg 300w, https:\/\/www.motorschirm-flugcenter.de\/wp-content\/uploads\/2017\/01\/Gr\u00f6\u00dfen\u00e4nderung-P1010210-768x576.jpg 768w, https:\/\/www.motorschirm-flugcenter.de\/wp-content\/uploads\/2017\/01\/Gr\u00f6\u00dfen\u00e4nderung-P1010210.jpg 2000w\" sizes=\"auto, (max-width: 840px) 100vw, 840px\" \/>oben el Parlomaret &#8211; Thermikfliegen mit dem Tandem<\/p>\n<p>Saoren in Santa Pola &#8211;&nbsp; Link&gt; &nbsp;&nbsp; <a href=\"https:\/\/www.motorschirm-flugcenter.de\/?page_id=4243\" target=\"_blank\" rel=\"noopener noreferrer\">Santa Pola 2015<\/a><\/p>\n<p>Hallo Gleitschirmpilotinnen und Piloten, du m\u00f6chtest Deinen Urlaub mit Gleitschirmfliegen verbinden? Hier bei uns hast du die M\u00f6glichkeit in einem der sch\u00f6nsten Fluggebiete Spaniens mit uns zu fliegen.<\/p>\n<h6>Wie l\u00e4uft das ab??? &#8211; gerne telefonische Beratung!<\/h6>\n<h3>Anreise <span style=\"font-size: inherit;\">mit Auto, Bahn genauso m\u00f6glich (Nicht im Preis enthalten).<\/span><\/h3>\n<h6>In nur ca. 2 bis 3 Stunden fliegst du mit dem Reiseflieger von Deutschland nach Alicante \/ Spanien.&nbsp; Dort angekommen holen wir Dich \/ Euch am Airport ab. Wir bringen Euch zu der ausgew\u00e4hlten Unterkunft. Hier k\u00f6nnt Ihr Euch erst einmal einrichten, Danach treffen wir uns am Sammelpunkt um ein Briefing abzuhalten, Je nach Ankunft (Fr\u00fch \/ Mittag&#8217;s \/Abend&#8217;s) fahren wir zu einem den Wind entsprechenden Fluggebiet. Am Landeplatz angekommen gibt es erst einmal eine ordentliche Einweissung, Wo ist der Hausbart, wie hoch darf ich fliegen, welche Flugverbotszonen&#8230; Funk und GPS werden gescheckt und eingestellt und dann geht es los.<\/h6>\n<h6>Am Startplatz angekommen (z.B) Santa Pola geniest Du erst einmal dieses unvergleichliche Panorama, Du packst Deinen Schirm aus, Du legst Dein Gurtzeug an, h\u00e4ngst Dich ein, ziehst den Schirm auf und mit nur wenigen Schritten hebst du ab. In Santa Pola hast du einen laminaren Seewind, Du fliegst den Steilhang entlang bis hinter zum Leuchtturm und noch weiter. Du hast H\u00f6he aufgebaut und fliegst hinaus \u00fcber den Strand hinweg auf&#8217;s offene Meer. Du merkst wie du H\u00f6he verlierst und kommst zur\u00fcck ins Aufwindband der dich ruck zuck wieder nach oben bringt. Hier kannst du fliegen bis Dich der Hunger vertreibt. Wenn Du dann landen m\u00f6chtest, steuerst du den Landeplatz direkt am Meer an. Landen, kurz an der Strandbar einen Drink und dann ab in&#8217;s k\u00fchle Nass. Inzwischen ist der Shuttlebus schon eingetroffen und bringt Euch wieder nach oben zum Startplatz und das Spiel beginnt von vorn.<\/h6>\n<p><em><strong>Motorschirm und Trike fliegen<\/strong><\/em><\/p>\n<p>Auf unserem Fluggel\u00e4nde f\u00fcr Motorpiloten k\u00f6nnen wir in alle Windrichtungen starten, es ist riesen gro\u00df. Angekommen halten wir ein kurzes Briefing ab, checken die Ausr\u00fcstung und je nach Erfahrung und K\u00f6nnen kannst du mit Platzrunden los legen, Funk ist Pflicht um ein geordnetes und sicheres fliegen zu gew\u00e4hrleisten. Wir werden gemeinsame Rundfl\u00fcge unternehmen und die Gegend erkunden.<\/p>\n<p>Falls Ihr Begleiter dabei habt, besteht die M\u00f6glichkeit im Doppelsitzer Motorschirmtrike einen Rundflug zu buchen.<\/p>\n<p>Im Guiding-Paket enthalten sind der Transfer vom und zum Flughafen, zur Unterkunft und den Fluggebieten.<\/p>\n<p><strong>Preis p.P.\/ Woche: 450.- \u20ac&nbsp;<\/strong><strong>&nbsp;ab 3 bis 5 Piloten,<\/strong><\/p>\n<p><strong>Gruppen ab 6 bis max. 7 Piloten 410,- \u20ac<\/strong><\/p>\n<p><strong>Tageweise exklusive Einzelbetreuung nach Terminabsprache m\u00f6glich: &nbsp; &nbsp; &nbsp; &nbsp; &nbsp; &nbsp; &nbsp;<\/strong><\/p>\n<p><strong>1 Tag &nbsp;&nbsp; p.P. 220.- \u20ac &nbsp;&nbsp; \/ 2 Personen p.P 200,- \u20ac<\/strong><\/p>\n<p><strong>2 Tage&nbsp; p.P. 410.- \u20ac &nbsp;&nbsp; \/ &nbsp;<b>2 Personen p.P 375,- \u20ac<\/b> &nbsp;&nbsp;<\/strong><\/p>\n<h6><strong>Exklusive: Flug, Unterkunft, Verpflegung, &nbsp;&nbsp;<\/strong><\/h6>\n<h3>Gerne erstellen wir Dir \/ Euch als Gruppe ein Individuelles Angebot<\/h3>\n<p><img loading=\"lazy\" decoding=\"async\" class=\"aligncenter wp-image-4197 size-full\" src=\"https:\/\/www.motorschirm-flugcenter.de\/wp-content\/uploads\/2019\/02\/MSFCbild.jpg\" alt=\"\" width=\"600\" height=\"371\" srcset=\"https:\/\/www.motorschirm-flugcenter.de\/wp-content\/uploads\/2019\/02\/MSFCbild.jpg 600w, https:\/\/www.motorschirm-flugcenter.de\/wp-content\/uploads\/2019\/02\/MSFCbild-300x186.jpg 300w\" sizes=\"auto, (max-width: 600px) 100vw, 600px\" \/><\/p>\n<p>&nbsp;<\/p>\n\n\n\n\n\n\n\n\n\n\n\n\n\n\n\n\n\n\n\n","protected":false},"excerpt":{"rendered":"<p>Gleitschirm und Motorschirmfliegen in Spanien &#8211;&nbsp;Rund um Alicante unsere n\u00e4chsten Flugwochen f\u00fcr Freiflieger und Motorschirm\/Trike-Piloten finden Anfang M\u00e4rz 2026 statt. Ab sofort k\u00f6nnt Ihr buchen. Gerne unterbreiten wir Euch als <span class=\"readmore\"><a href=\"https:\/\/www.motorschirm-flugcenter.de\/?page_id=4192\">Read More &#8230;<\/a><\/span><\/p>\n","protected":false},"author":2,"featured_media":4200,"parent":0,"menu_order":0,"comment_status":"closed","ping_status":"closed","template":"","meta":{"ngg_post_thumbnail":0,"footnotes":""},"class_list":["post-4192","page","type-page","status-publish","has-post-thumbnail","hentry"],"_links":{"self":[{"href":"https:\/\/www.motorschirm-flugcenter.de\/index.php?rest_route=\/wp\/v2\/pages\/4192","targetHints":{"allow":["GET"]}}],"collection":[{"href":"https:\/\/www.motorschirm-flugcenter.de\/index.php?rest_route=\/wp\/v2\/pages"}],"about":[{"href":"https:\/\/www.motorschirm-flugcenter.de\/index.php?rest_route=\/wp\/v2\/types\/page"}],"author":[{"embeddable":true,"href":"https:\/\/www.motorschirm-flugcenter.de\/index.php?rest_route=\/wp\/v2\/users\/2"}],"replies":[{"embeddable":true,"href":"https:\/\/www.motorschirm-flugcenter.de\/index.php?rest_route=%2Fwp%2Fv2%2Fcomments&post=4192"}],"version-history":[{"count":58,"href":"https:\/\/www.motorschirm-flugcenter.de\/index.php?rest_route=\/wp\/v2\/pages\/4192\/revisions"}],"predecessor-version":[{"id":5010,"href":"https:\/\/www.motorschirm-flugcenter.de\/index.php?rest_route=\/wp\/v2\/pages\/4192\/revisions\/5010"}],"wp:featuredmedia":[{"embeddable":true,"href":"https:\/\/www.motorschirm-flugcenter.de\/index.php?rest_route=\/wp\/v2\/media\/4200"}],"wp:attachment":[{"href":"https:\/\/www.motorschirm-flugcenter.de\/index.php?rest_route=%2Fwp%2Fv2%2Fmedia&parent=4192"}],"curies":[{"name":"wp","href":"https:\/\/api.w.org\/{rel}","templated":true}]}}