{"id":44,"date":"2016-08-19T17:38:05","date_gmt":"2016-08-19T15:38:05","guid":{"rendered":"https:\/\/www.motorschirm-flugcenter.de\/?page_id=44"},"modified":"2016-08-21T21:26:56","modified_gmt":"2016-08-21T19:26:56","slug":"haeufig-gestellte-fragen","status":"publish","type":"page","link":"https:\/\/www.motorschirm-flugcenter.de\/?page_id=44","title":{"rendered":"H\u00e4ufig gestellte Fragen"},"content":{"rendered":"<p>H\u00e4ufige gestellte Fragen<\/p>\n<p>Wie kann ich Ware bestellen?<\/p>\n<p>Willkommen auf der Seite f\u00fcr die h\u00e4ufig gestellten Fragen (FAQ).<br \/>\nUnten findet Ihr Antworten auf die h\u00e4ufigsten Fragen von Besuchern dieser Website. Falls Du zu Deinen Fragen keine Antwort auf dieser Seite findest, schicke uns eine E-Mail unter motorschirm-flugcenter-aumueller@web.de oder rufen uns an unter<br \/>\nTel: 09266-992832 oder sende uns ein Fax: 09266-992831<\/p>\n<p>Wie kann ich Waren Bestellen???<br \/>\nGanz einfach! Suche Dir Waren in dem Bereich Katalog aus, schreiben die Bestellnummer und Titel auf und Bestelle die Ware\/n per eMail.<\/p>\n<p>Wie kann ich eine Reise Buchen?<br \/>\nAm besten du schreibst uns eine e-Mail, welche Reise Du von wann bis wann machen m\u00f6chtest.<br \/>\nWo Du \u00dcbernachten m\u00f6chtest &#8211; Im G\u00e4stehaus oder im Hotel.<br \/>\nbitte gib eine Telefonnummer an, damit wir Dich bei Fragen anrufen k\u00f6nnen.<br \/>\nDu erh\u00e4lst dann ein Komplettangebot, segnest dies ab und bekommst eine Reisebest\u00e4tigung nach Zahlungseingang zugesand.<br \/>\nalles weitere steht in der Mail.<\/p>\n<p>weitere Fragen per Mail<\/p>\n","protected":false},"excerpt":{"rendered":"<p>H\u00e4ufige gestellte Fragen Wie kann ich Ware bestellen? Willkommen auf der Seite f\u00fcr die h\u00e4ufig gestellten Fragen (FAQ). Unten findet Ihr Antworten auf die h\u00e4ufigsten Fragen von Besuchern dieser Website. <span class=\"readmore\"><a href=\"https:\/\/www.motorschirm-flugcenter.de\/?page_id=44\">Read More &#8230;<\/a><\/span><\/p>\n","protected":false},"author":1,"featured_media":0,"parent":0,"menu_order":0,"comment_status":"closed","ping_status":"closed","template":"","meta":{"ngg_post_thumbnail":0,"footnotes":""},"class_list":["post-44","page","type-page","status-publish","hentry"],"_links":{"self":[{"href":"https:\/\/www.motorschirm-flugcenter.de\/index.php?rest_route=\/wp\/v2\/pages\/44","targetHints":{"allow":["GET"]}}],"collection":[{"href":"https:\/\/www.motorschirm-flugcenter.de\/index.php?rest_route=\/wp\/v2\/pages"}],"about":[{"href":"https:\/\/www.motorschirm-flugcenter.de\/index.php?rest_route=\/wp\/v2\/types\/page"}],"author":[{"embeddable":true,"href":"https:\/\/www.motorschirm-flugcenter.de\/index.php?rest_route=\/wp\/v2\/users\/1"}],"replies":[{"embeddable":true,"href":"https:\/\/www.motorschirm-flugcenter.de\/index.php?rest_route=%2Fwp%2Fv2%2Fcomments&post=44"}],"version-history":[{"count":2,"href":"https:\/\/www.motorschirm-flugcenter.de\/index.php?rest_route=\/wp\/v2\/pages\/44\/revisions"}],"predecessor-version":[{"id":99,"href":"https:\/\/www.motorschirm-flugcenter.de\/index.php?rest_route=\/wp\/v2\/pages\/44\/revisions\/99"}],"wp:attachment":[{"href":"https:\/\/www.motorschirm-flugcenter.de\/index.php?rest_route=%2Fwp%2Fv2%2Fmedia&parent=44"}],"curies":[{"name":"wp","href":"https:\/\/api.w.org\/{rel}","templated":true}]}}