{"id":4456,"date":"2021-04-07T11:50:39","date_gmt":"2021-04-07T09:50:39","guid":{"rendered":"https:\/\/www.motorschirm-flugcenter.de\/?page_id=4456"},"modified":"2022-09-16T20:14:04","modified_gmt":"2022-09-16T18:14:04","slug":"gaspruefung-fuer-wohnwagen-und-wohnmobil","status":"publish","type":"page","link":"https:\/\/www.motorschirm-flugcenter.de\/?page_id=4456","title":{"rendered":"Gaspr\u00fcfung f\u00fcr Wohnwagen und Wohnmobil"},"content":{"rendered":"\n<p><strong>Terminvereinbarung unter 0163-479-5330<\/strong><\/p>\n\n\n\n<p>Sehr geehrte Damen und Herren, liebe\/r Camper\/in, wir vom Motorschirm-Flugcenter pr\u00fcfen gerne die Gasanlage nach G 607 von Ihren Wohnwagen oder Ihrem Wohnmobil.<\/p>\n\n\n\n<figure class=\"wp-block-image\"><img loading=\"lazy\" decoding=\"async\" width=\"317\" height=\"159\" src=\"https:\/\/www.motorschirm-flugcenter.de\/wp-content\/uploads\/2021\/04\/Gas1.jpg\" alt=\"\" class=\"wp-image-4457\" srcset=\"https:\/\/www.motorschirm-flugcenter.de\/wp-content\/uploads\/2021\/04\/Gas1.jpg 317w, https:\/\/www.motorschirm-flugcenter.de\/wp-content\/uploads\/2021\/04\/Gas1-300x150.jpg 300w\" sizes=\"auto, (max-width: 317px) 100vw, 317px\" \/><\/figure>\n\n\n\n<p>Als Sachverst\u00e4ndiger bin ich berechtigt Ihnen die Gaspr\u00fcfung abzunehmen und die Plakette nach bestandener Pr\u00fcfung zu erteilen.<\/p>\n\n\n\n<figure class=\"wp-block-image\"><img loading=\"lazy\" decoding=\"async\" width=\"225\" height=\"225\" src=\"https:\/\/www.motorschirm-flugcenter.de\/wp-content\/uploads\/2021\/04\/Gas2.jpg\" alt=\"\" class=\"wp-image-4458\" srcset=\"https:\/\/www.motorschirm-flugcenter.de\/wp-content\/uploads\/2021\/04\/Gas2.jpg 225w, https:\/\/www.motorschirm-flugcenter.de\/wp-content\/uploads\/2021\/04\/Gas2-150x150.jpg 150w, https:\/\/www.motorschirm-flugcenter.de\/wp-content\/uploads\/2021\/04\/Gas2-67x67.jpg 67w\" sizes=\"auto, (max-width: 225px) 100vw, 225px\" \/><\/figure>\n\n\n\n<p>Die Gaspr\u00fcfung wird bei uns vor Ort oder auch am Campingplatz oder bei Ihnen zu Hause durchgef\u00fchrt sofern die n\u00f6tigen Gegebenheiten vorhanden sind.<\/p>\n\n\n\n<figure class=\"wp-block-image\"><img loading=\"lazy\" decoding=\"async\" width=\"472\" height=\"266\" src=\"https:\/\/www.motorschirm-flugcenter.de\/wp-content\/uploads\/2021\/04\/Gas3.jpg\" alt=\"\" class=\"wp-image-4459\" srcset=\"https:\/\/www.motorschirm-flugcenter.de\/wp-content\/uploads\/2021\/04\/Gas3.jpg 472w, https:\/\/www.motorschirm-flugcenter.de\/wp-content\/uploads\/2021\/04\/Gas3-300x169.jpg 300w\" sizes=\"auto, (max-width: 472px) 100vw, 472px\" \/><\/figure>\n\n\n\n<p>Nach Bestandener Pr\u00fcfung wird das Pr\u00fcfbuch ausgef\u00fcllt und abgestempelt.<\/p>\n\n\n\n<p>Terminvereinbarung und unsere Preise erfragen Sie gerne telefonisch unter 0163-479-5330<\/p>\n\n\n\n<figure class=\"wp-block-image\"><img loading=\"lazy\" decoding=\"async\" width=\"473\" height=\"266\" src=\"https:\/\/www.motorschirm-flugcenter.de\/wp-content\/uploads\/2021\/04\/Gas4.jpg\" alt=\"\" class=\"wp-image-4461\" srcset=\"https:\/\/www.motorschirm-flugcenter.de\/wp-content\/uploads\/2021\/04\/Gas4.jpg 473w, https:\/\/www.motorschirm-flugcenter.de\/wp-content\/uploads\/2021\/04\/Gas4-300x169.jpg 300w\" sizes=\"auto, (max-width: 473px) 100vw, 473px\" \/><\/figure>\n\n\n\n<p>Wir f\u00fchren auch Zubeh\u00f6r f\u00fcr Ihre Gasanlage wie Druckminderer, Schl\u00e4uche ect.<\/p>\n\n\n\n<h2 class=\"wp-block-heading\"><em> <\/em><strong><em>Wir geben &#8222;GAS&#8220;<\/em><\/strong><\/h2>\n\n\n\n<figure class=\"wp-block-image\"><img loading=\"lazy\" decoding=\"async\" width=\"217\" height=\"300\" src=\"https:\/\/www.motorschirm-flugcenter.de\/wp-content\/uploads\/2021\/04\/Gas5.jpg\" alt=\"\" class=\"wp-image-4470\"\/><\/figure>\n\n\n\n<p>Auch Gasflaschen k\u00f6nnen Sie bei uns beziehen, wir f\u00fchren Walthergas und nat\u00fcrlich k\u00f6nnen Sie auch Ihre grauen Flaschen bei uns tauschen \/ kaufen.<\/p>\n","protected":false},"excerpt":{"rendered":"<p>Terminvereinbarung unter 0163-479-5330 Sehr geehrte Damen und Herren, liebe\/r Camper\/in, wir vom Motorschirm-Flugcenter pr\u00fcfen gerne die Gasanlage nach G 607 von Ihren Wohnwagen oder Ihrem Wohnmobil. Als Sachverst\u00e4ndiger bin ich <span class=\"readmore\"><a href=\"https:\/\/www.motorschirm-flugcenter.de\/?page_id=4456\">Read More &#8230;<\/a><\/span><\/p>\n","protected":false},"author":2,"featured_media":0,"parent":0,"menu_order":0,"comment_status":"closed","ping_status":"closed","template":"","meta":{"ngg_post_thumbnail":0,"footnotes":""},"class_list":["post-4456","page","type-page","status-publish","hentry"],"_links":{"self":[{"href":"https:\/\/www.motorschirm-flugcenter.de\/index.php?rest_route=\/wp\/v2\/pages\/4456","targetHints":{"allow":["GET"]}}],"collection":[{"href":"https:\/\/www.motorschirm-flugcenter.de\/index.php?rest_route=\/wp\/v2\/pages"}],"about":[{"href":"https:\/\/www.motorschirm-flugcenter.de\/index.php?rest_route=\/wp\/v2\/types\/page"}],"author":[{"embeddable":true,"href":"https:\/\/www.motorschirm-flugcenter.de\/index.php?rest_route=\/wp\/v2\/users\/2"}],"replies":[{"embeddable":true,"href":"https:\/\/www.motorschirm-flugcenter.de\/index.php?rest_route=%2Fwp%2Fv2%2Fcomments&post=4456"}],"version-history":[{"count":6,"href":"https:\/\/www.motorschirm-flugcenter.de\/index.php?rest_route=\/wp\/v2\/pages\/4456\/revisions"}],"predecessor-version":[{"id":4713,"href":"https:\/\/www.motorschirm-flugcenter.de\/index.php?rest_route=\/wp\/v2\/pages\/4456\/revisions\/4713"}],"wp:attachment":[{"href":"https:\/\/www.motorschirm-flugcenter.de\/index.php?rest_route=%2Fwp%2Fv2%2Fmedia&parent=4456"}],"curies":[{"name":"wp","href":"https:\/\/api.w.org\/{rel}","templated":true}]}}