{"id":8,"date":"2016-08-19T17:31:56","date_gmt":"2016-08-19T15:31:56","guid":{"rendered":"https:\/\/www.motorschirm-flugcenter.de\/?page_id=8"},"modified":"2024-12-02T21:18:12","modified_gmt":"2024-12-02T20:18:12","slug":"rundfluege","status":"publish","type":"page","link":"https:\/\/www.motorschirm-flugcenter.de\/?page_id=8","title":{"rendered":"Rundflug &#8211; Passagierflug mit dem Motorschirm-Trike"},"content":{"rendered":"\n<p><em><strong>Terminvereibarung NUR telefonisch unter 0163-479-5330<\/strong><\/em><\/p>\n\n\n\n<p><\/p>\n\n\n<h1><span style=\"color: #ff0000;\"><img loading=\"lazy\" decoding=\"async\" class=\"size-medium wp-image-367 alignleft\" src=\"https:\/\/www.motorschirm-flugcenter.de\/wp-content\/uploads\/2016\/08\/Gr\u00f6\u00dfen\u00e4nderung-P1050217-1-300x225.jpg\" alt=\"\" width=\"300\" height=\"225\" srcset=\"https:\/\/www.motorschirm-flugcenter.de\/wp-content\/uploads\/2016\/08\/Gr\u00f6\u00dfen\u00e4nderung-P1050217-1-300x225.jpg 300w, https:\/\/www.motorschirm-flugcenter.de\/wp-content\/uploads\/2016\/08\/Gr\u00f6\u00dfen\u00e4nderung-P1050217-1-768x576.jpg 768w, https:\/\/www.motorschirm-flugcenter.de\/wp-content\/uploads\/2016\/08\/Gr\u00f6\u00dfen\u00e4nderung-P1050217-1-1024x768.jpg 1024w, https:\/\/www.motorschirm-flugcenter.de\/wp-content\/uploads\/2016\/08\/Gr\u00f6\u00dfen\u00e4nderung-P1050217-1.jpg 1280w\" sizes=\"auto, (max-width: 300px) 100vw, 300px\" \/>Herzlich willkommen auf unserer &#8222;Rundflugseite&#8220;!<\/span><\/h1>\n<p>Hallo, haben Sie schon einmal Ihre Heimat aus der Vogelperspektive gesehen? Ihr Haus, Garten oder Sehensw\u00fcrdigkeiten von oben bewundert. Vierzehnheiligen, den Staffelberg, Kloster Banz oder eben unser wundersch\u00f6nes Maintal.<\/p>\n<p>&nbsp;<\/p>\n<p>Passagierflug &#8211; Video&nbsp;&nbsp;&nbsp;&nbsp;&nbsp;&nbsp;&nbsp;&nbsp;&gt; <a href=\"https:\/\/www.youtube.com\/watch?v=qwYDT-08oQM\" target=\"_blank\" rel=\"noopener noreferrer\">Passagierflug Video<\/a><\/p>\n<p>Gleitschirmfliegen ist schon ein Traum, doch noch sch\u00f6ner ist Motorschirmtrike fliegen, denn man kann hinfliegen wohin man m\u00f6chte.<\/p>\n<p>Wir fliegen Sie mit dem zweisitzigem Motorschirmtrike.<img loading=\"lazy\" decoding=\"async\" class=\" wp-image-325 alignright\" src=\"https:\/\/www.motorschirm-flugcenter.de\/wp-content\/uploads\/2016\/08\/Gr\u00f6\u00dfen\u00e4nderung-P1050172-1-300x225.jpg\" alt=\"\" width=\"401\" height=\"301\" srcset=\"https:\/\/www.motorschirm-flugcenter.de\/wp-content\/uploads\/2016\/08\/Gr\u00f6\u00dfen\u00e4nderung-P1050172-1-300x225.jpg 300w, https:\/\/www.motorschirm-flugcenter.de\/wp-content\/uploads\/2016\/08\/Gr\u00f6\u00dfen\u00e4nderung-P1050172-1-768x576.jpg 768w, https:\/\/www.motorschirm-flugcenter.de\/wp-content\/uploads\/2016\/08\/Gr\u00f6\u00dfen\u00e4nderung-P1050172-1-1024x768.jpg 1024w, https:\/\/www.motorschirm-flugcenter.de\/wp-content\/uploads\/2016\/08\/Gr\u00f6\u00dfen\u00e4nderung-P1050172-1.jpg 1280w\" sizes=\"auto, (max-width: 401px) 100vw, 401px\" \/><br>Unsere Tragfl\u00e4che ist ein Motorschirm der Fa. Mac Para, der Charger 2 Trike, ist einer der besten und sichersten Schirme, speziell zum Motorschirmfliegen gebaut.<br>F\u00fcr den Fall der F\u00e4lle, der in den 16 Jahren in denen ich fliege noch nie aufgetreten ist, haben wir eine zus\u00e4tzliche Rettung an Bord.<br>Wir sind somit rundum sicher.<\/p>\n<p>Das Motorschirmtrike ist eines der sichersten Luftsportger\u00e4te unserer Zeit, selbst wenn der Motor einmal streiken sollte, kein Problem, dann verhalten wir uns wie ein Segelflugzeug.<\/p>\n<p>Wir sitzen im offenen Motorschirm-Trike hintereinander und sind mit Sprechfunk miteinander verbunden.<br>Vor dem Abflug gibt es eine Einweisung, dann folgt ein unvergessliches Erlebnis.<\/p>\n<p>Wir fliegen ab dem Flugplatz Lichtenfels oder Ebern, dahin wo Sie m\u00f6chten.<\/p>\n<p>Rundfl\u00fcge k\u00f6nnen von 30 min. bis max. 1,5 Stunden gebucht werden.<\/p>\n<p>Jedoch sind wir sehr wetterabh\u00e4ngig. Am besten ist es in den Morgenstunden oder am Abend wenn keine oder nur noch geringe Thermik vorhanden ist, sowie nur geringer Wind.<\/p>\n<p>Welche Kleidung:<br>&#8211; Sonnenbrille, festes Schuhwerk, eine Jacke und je nach Jahreszeit evtl. noch Handschuhe, den Rest halten wir bereit.<\/p>\n<p>Erf\u00fcllen Sie sich dieses Erlebnis&nbsp; &#8211; oder verschenken Sie es weiter.<\/p>\n<p>&nbsp;<\/p>\n<h2>Zeiten und Preise<\/h2>\n<p>Sie haben die M\u00f6glichkeit verschiede Pakete zu buchen<\/p>\n<p>&#8211; Rundflug mit dem Motorschirmtrike,&nbsp; 30 min. 125,00 \u20ac<\/p>\n<p>&#8211; Rundflug mit dem Motorschirmtrike,&nbsp; 45 min. 155,00 \u20ac<\/p>\n<p>&#8211; Zielflug mit dem Motorschirmtrike nach Ihrem W\u00fcnschen, Streckenflug,<br>&#8211; Fotoflug&#8230; wird nach Aufwand berechnet<\/p>\n<p>Bei Fragen rufen Sie uns einfach an.<br>Mobil: +49 163 479 5330<br>e-Mail: motorschirm-flugcenter-aumueller@web.de<\/p>\n<p>&nbsp;<\/p>\n<h3>Erkl\u00e4rungen\/Downloads<\/h3>\n<h3><a href=\"https:\/\/www.motorschirm-flugcenter.de\/wp-content\/uploads\/2019\/03\/Fluggasterkl\u00e4rung.odt\">Fluggasterkl\u00e4rung<\/a><\/h3>\n<p>f\u00fcr Personen \u00fcber 18 Jahren zum Download fluggasterklaerung.docx [14 KB]<\/p>\n<h3><a href=\"https:\/\/www.motorschirm-flugcenter.de\/wp-content\/uploads\/2019\/03\/Einverst\u00e4ndniserkl\u00e4rung.doc\">Einverst\u00e4ndniserkl\u00e4rung<\/a><\/h3>\n<p>f\u00fcr Personen unter 18 Jahren zum Download Einverstaendniserklaerung.doc [31 KB]<\/p>\n<p>&nbsp;<\/p>\n<h2>Unsere Leistungen<\/h2>\n<p>Wir treffen uns nach Absprache auf dem Flugplatz&nbsp;<\/p>\n<p>Sie bekommen vom Piloten eine ordentliche Einweisung auf unserem Flugger\u00e4t,<br>der Pilot f\u00fchrt die Sicherheitseinweisung durch und erkl\u00e4rt Ihnen den Sprechfunk im Helm, dann besprechen wir mit Ihnen das Fluggebiet und die Flugroute.<\/p>\n<p>Jetzt geht&#8217;s los&#8230;<\/p>\n<p>&nbsp;<\/p>\n<h3>Voraussetzungen &#8211; Teilnahmevoraussetzung<\/h3>\n<p>Was brauche ich damit ich mitfliegen kann:<\/p>\n<p>&#8211; Der Passagierflug ist f\u00fcr Personen ab 12 Jahren<\/p>\n<p>&#8211; Mindestgr\u00f6sse 1,20 m<\/p>\n<p>&#8211; Personen unter 18 Jahren ben\u00f6tigen eine schriftliche Einverst\u00e4ndniserkl\u00e4rung des Erziehungsberechtigten<\/p>\n<p>&#8211; das max. Alter gibt es nicht, denn es macht auch noch mit 80 Jahren Spa\u00df, mit zu fliegen.<\/p>\n<p>&#8211; das Gewicht hingegegen sollte 100 kg nicht \u00fcberschreiten + &#8211; 1-2 kg&#8230;<\/p>\n<p>&#8211; keine Erkrankungen, die die Flugtauglichkeit beeintr\u00e4chtigen k\u00f6nnten.<\/p>\n<p>&#8211; festes Schuhwerk<\/p>\n<p>&#8211; Winddichte Jacke, je nach Jahreszeit Handschuhe<\/p>\n<p>&#8211; Fliegerm\u00fctze\/ Helm mit Funk wird gestellt.<\/p>\n<h3>&nbsp;<\/h3>\n<h3>AGB &#8211;&nbsp;Allgemeine Gesch\u00e4ftsbedingungen<\/h3>\n<p>Allgemeine Gesch\u00e4ftsbedingungen<br>von Motorschirm-Flugcenter-Aum\u00fcller (MSFC)<\/p>\n<p>1. Geltungsbereich<\/p>\n<p>F\u00fcr die Gesch\u00e4ftsbeziehung zwischen Motorschirm-Flugcenter, Inhaberin Martina Aum\u00fcller und dem Kunden gelten ausschlie\u00dflich die nachfolgenden Allgemeinen Gesch\u00e4ftsbedingungen in Ihrer zum Zeitpunkt des Vertragsschlusses g\u00fcltigen Fassung. Die Men\u00fcpunkte \u201eUnsere Leistungen\u201c und \u201eVoraussetzungen\u201c, der Webseite MSFC, sind Bestandteile unserer Allgemeinen Gesch\u00e4ftsbedingungen. Nebenabreden oder abweichende Bedingungen bed\u00fcrfen der schriftlichen Zustimmung von MSFC.<\/p>\n<p>2. Vertragsabschluss<\/p>\n<p>Die Buchung des Kunden oder die Auftragsbest\u00e4tigung von MSFC stellt noch keinen Vertragsabschluss dar. Ein Vertrag kommt erst durch die Terminbest\u00e4tigung oder \u00dcbersendung eines Gutscheines zu Stande. Ein mit MSFC geschlossener Vertrag kann aufgrund von technischen, witterungsbedingten, sicherheitsrelevanten oder personellen Problemen an ein selbst\u00e4ndiges Partnerunternehmen abgetreten werden. Bei Zustimmung des Kunden, gelten alle Vertrags- und Gesch\u00e4ftsbedingungen des Partnerunternehmens.<\/p>\n<p>3. Gutschein<\/p>\n<p>Der ausgestellte Gut-\/Bef\u00f6rderungsschein ist ab Ausstellungsdatum 3 Jahre g\u00fcltig. Bei einer \u00dcbertragung auf eine andere Person, werden Bearbeitungsgeb\u00fchren von 25.- \u20ac erhoben. Stornierungen k\u00f6nnen kostenfrei innerhalb von 14 Tagen durchgef\u00fchrt werden. Ab dem 15. Tage wird eine Stornogeb\u00fchr von 20% des Kauf-\/Gutscheinpreises f\u00e4llig.<\/p>\n<p>4. Nichterscheinen\/Gesundheit<\/p>\n<p>Best\u00e4tigte Termine sind f\u00fcr den Kunden verbindlich. Sollte ein vereinbarter Termin (inclusive 20 Minuten Versp\u00e4tung) nicht eingehalten werden, gilt dieser Flug als durchgef\u00fchrt. Erscheint ein Gast nach Meinung des Piloten nicht flugtauglich (Alkohol-\/ Drogenkonsum oder sonstiger nicht bef\u00f6rderungsf\u00e4higer Zustand), gilt der Flug als durchgef\u00fchrt. Krankheiten, k\u00f6rperliche oder geistige Beeintr\u00e4chtigungen sowie Schwangerschaft sind bereits bei der Terminvereinbarung anzuzeigen.<\/p>\n<p>5. Leistungsumfang<\/p>\n<p>Der Leistungsumfang ergibt sich aus der Terminbest\u00e4tigung und der zum Vertragsabschluss geltenden Leistungsbeschreibung. Notwendige \u00c4nderungen aufgrund von sicherheitsrelevanten oder organisatorischen Gr\u00fcnden sind zul\u00e4ssig und werden vom Piloten oder MSFC bestimmt.<\/p>\n<p>6. Haftung<\/p>\n<p>Die Haftung des Luftfrachtf\u00fchrers richtet sich nach dem geltenden Luftverkehrsgesetz (\u00a7\u00a7 44 ff LuftVG). F\u00fcr mitgenommene Gegenst\u00e4nde wie z.B. Brillen, Foto- und Filmger\u00e4t oder Gep\u00e4ck ist der Passagier selbst verantwortlich. Ihm obliegt auch die sto\u00dfsichere, verlustfreie Verwahrung w\u00e4hrend des Starts, des Fluges und der Landung. Anweisungen des Piloten sind vor dem Start, w\u00e4hrend des Fluges und nach dem Flug unbedingt Folge zu leisten. Bei Nichtbeachtung kann dies zum Flugabbruch f\u00fchren. F\u00fcr dadurch entstandene Sch\u00e4den haftet der Passagier. Schadensf\u00e4lle und Verletzungen sind dem Piloten\/ Luftfrachtf\u00fchrer unverz\u00fcglich anzuzeigen. Hat bei der Entstehung des Schadens ein Verschulden des Besch\u00e4digten mitgewirkt, so gilt \u00a7 254 BGB. Die Ersatzpflicht gem. \u00a7 44 ff LuftVG entf\u00e4llt.<\/p>\n<p>7. Bezahlung<\/p>\n<p>Die Bezahlung wird nach Erhalt der Auftragsbest\u00e4tigung f\u00e4llig. Nach vollst\u00e4ndiger Bezahlung erfolgt der Versand des Tickets\/Gutscheines. Erst dann ist rechtlich ein Bef\u00f6rderungsvertrag geschlossen und es kann eine Terminabsprache erfolgen.<\/p>\n<p>8. Gerichtsstand<\/p>\n<p>ist das Amtsgericht Coburg<\/p>\n<p>Widerrufsbelehrung<\/p>\n<p>Widerrufsrecht<\/p>\n<p>Sie haben das Recht, binnen vierzehn Tagen ohne Angabe von Gr\u00fcnden diesen Vertrag zu widerrufen. Die Widerrufsfrist betr\u00e4gt vierzehn Tage ab dem Tag der Zustellung des Tickets\/Gutscheins. Um Ihr Widerrufsrecht auszu\u00fcben, m\u00fcssen Sie uns,<\/p>\n<p>Motorschirm-Flugcenter-Aum\u00fcller, Am Teich 2, 96242 Sonnefeld<br>Telefon: 0163-479-5330<br>Mail: motorschirm-flugcenter-aumueller@web.de<\/p>\n<p>mittels einer eindeutigen Erkl\u00e4rung (z.B. ein mit der Post versandter Brief, Telefax oder E-Mail) \u00fcber Ihren Entschluss, diesen Vertrag zu widerrufen, informieren. Sie k\u00f6nnen dies formlos an uns senden. Zur Wahrung der Widerrufsfrist reicht es aus, dass Sie die Mitteilung \u00fcber die Aus\u00fcbung des Widerrufsrechts vor Ablauf der Widerrufsfrist absenden.<\/p>\n<p>Folgen des Widerrufs<\/p>\n<p>Wenn Sie diesen Vertrag widerrufen, haben wir Ihnen alle Zahlungen, die wir von Ihnen erhalten haben, einschlie\u00dflich der Lieferkosten (mit Ausnahme der zus\u00e4tzlichen Kosten, die sich daraus ergeben, dass Sie eine andere Art der Lieferung als die von uns angebotene, g\u00fcnstigste Standardlieferung gew\u00e4hlt haben), unverz\u00fcglich und sp\u00e4testens binnen vierzehn Tagen ab dem Tag zur\u00fcckzuzahlen, an dem die Mitteilung \u00fcber Ihren Widerruf dieses Vertrags bei uns eingegangen ist. F\u00fcr diese R\u00fcckzahlung verwenden wir dasselbe Zahlungsmittel, das Sie bei der urspr\u00fcnglichen Transaktion eingesetzt haben, es sei denn, mit Ihnen wurde ausdr\u00fccklich etwas anderes vereinbart; in keinem Fall werden Ihnen wegen dieser R\u00fcckzahlung Entgelte berechnet.<\/p>\n<p>&nbsp;<\/p>\n<p>&nbsp;<\/p>","protected":false},"excerpt":{"rendered":"<p>Terminvereibarung NUR telefonisch unter 0163-479-5330 Herzlich willkommen auf unserer &#8222;Rundflugseite&#8220;! Hallo, haben Sie schon einmal Ihre Heimat aus der Vogelperspektive gesehen? Ihr Haus, Garten oder Sehensw\u00fcrdigkeiten von oben bewundert. Vierzehnheiligen, <span class=\"readmore\"><a href=\"https:\/\/www.motorschirm-flugcenter.de\/?page_id=8\">Read More &#8230;<\/a><\/span><\/p>\n","protected":false},"author":1,"featured_media":324,"parent":0,"menu_order":3,"comment_status":"closed","ping_status":"closed","template":"","meta":{"ngg_post_thumbnail":0,"footnotes":""},"class_list":["post-8","page","type-page","status-publish","has-post-thumbnail","hentry"],"_links":{"self":[{"href":"https:\/\/www.motorschirm-flugcenter.de\/index.php?rest_route=\/wp\/v2\/pages\/8","targetHints":{"allow":["GET"]}}],"collection":[{"href":"https:\/\/www.motorschirm-flugcenter.de\/index.php?rest_route=\/wp\/v2\/pages"}],"about":[{"href":"https:\/\/www.motorschirm-flugcenter.de\/index.php?rest_route=\/wp\/v2\/types\/page"}],"author":[{"embeddable":true,"href":"https:\/\/www.motorschirm-flugcenter.de\/index.php?rest_route=\/wp\/v2\/users\/1"}],"replies":[{"embeddable":true,"href":"https:\/\/www.motorschirm-flugcenter.de\/index.php?rest_route=%2Fwp%2Fv2%2Fcomments&post=8"}],"version-history":[{"count":42,"href":"https:\/\/www.motorschirm-flugcenter.de\/index.php?rest_route=\/wp\/v2\/pages\/8\/revisions"}],"predecessor-version":[{"id":5003,"href":"https:\/\/www.motorschirm-flugcenter.de\/index.php?rest_route=\/wp\/v2\/pages\/8\/revisions\/5003"}],"wp:featuredmedia":[{"embeddable":true,"href":"https:\/\/www.motorschirm-flugcenter.de\/index.php?rest_route=\/wp\/v2\/media\/324"}],"wp:attachment":[{"href":"https:\/\/www.motorschirm-flugcenter.de\/index.php?rest_route=%2Fwp%2Fv2%2Fmedia&parent=8"}],"curies":[{"name":"wp","href":"https:\/\/api.w.org\/{rel}","templated":true}]}}